{"id":94,"date":"2021-03-24T23:28:02","date_gmt":"2021-03-24T22:28:02","guid":{"rendered":"https:\/\/auxracinesdesoi.fr\/?page_id=94"},"modified":"2025-05-07T10:23:35","modified_gmt":"2025-05-07T08:23:35","slug":"massage-au-bol-kansu","status":"publish","type":"page","link":"https:\/\/auxracinesdesoi.fr\/index.php\/massage-au-bol-kansu\/","title":{"rendered":"Massage des pieds aux Bols Kansu"},"content":{"rendered":"\r\n<h3><span style=\"color: #0693e3;\">Massage des pieds aux Bols Kansu<\/span><\/h3>\r\n\r\n\r\n\r\n<p><img decoding=\"async\" class=\"alignleft\" src=\"https:\/\/media.istockphoto.com\/photos\/soothing-massage-with-kansu-technique-picture-id178454489?k=6&amp;m=178454489&amp;s=612x612&amp;w=0&amp;h=RBenJEOb0MQ2j23kHDoQitltHQekQHMNWdlQkcPQZYc=\" alt=\"massage apaisant avec kansu technique - kansu bowl photos et images de collection\" width=\"138\" height=\"182\" \/><\/p>\r\n<p>Cette technique de\u00a0massage\u00a0a \u00e9t\u00e9 int\u00e9gr\u00e9e dans les mesures d\u2019hygi\u00e8ne indiennes, et serait \u00e0 l\u2019origine du c\u00e9l\u00e8bre proverbe indien\u00a0: <span style=\"color: #0693e3;\"><em>\u00ab La maladie n\u2019atteint pas celui qui se masse les pieds avant de dormir, tout comme les serpents n\u2019approchent pas les aigles \u00bb.<\/em><\/span><\/p>\r\n\r\n\r\n\r\n\r\n\r\n<p><span style=\"color: #0693e3;\">Le massage au bol Kansu<\/span> est issu de la\u00a0<span style=\"color: #0693e3;\">pratique ayurv\u00e9dique<\/span>. J\u2019utilise un\u00a0<span style=\"color: #0693e3;\">petit bol de forme arrondie<\/span>, fabriqu\u00e9 dans un alliage de 5 m\u00e9taux : l&rsquo;or, le zinc, le cuivre, le bronze, l&rsquo;argent et l&rsquo;\u00e9tain.<\/p>\r\n\r\n\r\n\r\n<p>Outre les vertus th\u00e9rapeutiques que procurent les man\u0153uvres manuelles du massage, les m\u00e9taux jouent aussi un r\u00f4le curatif\u00a0:<\/p>\r\n\r\n\r\n\r\n<ul class=\"wp-block-list\">\r\n<li>Le cuivre absorbe l&rsquo;exc\u00e8s de chaleur produit par le corps.<\/li>\r\n<li>Le zinc agit sur les muscles.<\/li>\r\n<li>Le bronze fait office de catalyseur entre ces 2\u00a0m\u00e9taux.<\/li>\r\n<\/ul>\r\n\r\n\r\n\r\n<p>Dans la tradition indienne, <span style=\"color: #0693e3;\">le massage au bol Kansu<\/span> est pratiqu\u00e9 par les enfants sur leurs a\u00een\u00e9s, pour les d\u00e9tendre et les lib\u00e9rer des tensions.<\/p>\r\n\r\n\r\n\r\n<p>Les pouvoirs de l\u2019huile utilis\u00e9 et ceux du bol s&rsquo;associent pour \u00e9vacuer l&rsquo;\u00e9l\u00e9ment feu,\u00a0<span style=\"color: #0693e3;\">traiter la col\u00e8re, mais aussi l&rsquo;angoisse, et\u00a0combattre l&rsquo;insomnie\u00a0et le\u00a0stress<\/span>. Il favorise la circulation de l&rsquo;\u00e9nergie vitale dans le corps.<\/p>\r\n\r\n\r\n\r\n<p>Le geste consiste \u00e0 effectuer sur la peau des\u00a0<span style=\"color: #0693e3;\">pressions \u00e9nergiques et de plus en plus intenses<\/span>, en veillant \u00e0 stimuler chaque partie de la plante du pied.<\/p>\r\n\r\n\r\n\r\n<p>Le massage sur chaque pied dure une quinzaine de minutes, dur\u00e9e id\u00e9ale pour permettre de ressentir une profonde d\u00e9tente.<\/p>\r\n\r\n\r\n\r\n<p>&nbsp;<\/p>\r\n","protected":false},"excerpt":{"rendered":"<p>Massage des pieds aux Bols Kansu Cette technique de\u00a0massage\u00a0a \u00e9t\u00e9 int\u00e9gr\u00e9e dans les mesures d\u2019hygi\u00e8ne indiennes, et serait \u00e0 l\u2019origine du c\u00e9l\u00e8bre proverbe indien\u00a0: \u00ab La maladie n\u2019atteint pas celui qui se masse les pieds avant de dormir, tout comme les serpents n\u2019approchent pas les aigles \u00bb. Le massage au bol Kansu est issu de &hellip; <\/p>\n","protected":false},"author":1,"featured_media":0,"parent":0,"menu_order":0,"comment_status":"closed","ping_status":"closed","template":"","meta":{"footnotes":""},"class_list":["post-94","page","type-page","status-publish","hentry"],"yoast_head":"<!-- This site is optimized with the Yoast SEO plugin v27.4 - https:\/\/yoast.com\/product\/yoast-seo-wordpress\/ -->\n<title>Massage des pieds aux Bols Kansu - Aux Racines de Soi<\/title>\n<meta name=\"robots\" content=\"index, follow, max-snippet:-1, max-image-preview:large, max-video-preview:-1\" \/>\n<link rel=\"canonical\" href=\"https:\/\/auxracinesdesoi.fr\/index.php\/massage-au-bol-kansu\/\" \/>\n<meta property=\"og:locale\" content=\"fr_FR\" \/>\n<meta property=\"og:type\" content=\"article\" \/>\n<meta property=\"og:title\" content=\"Massage des pieds aux Bols Kansu - Aux Racines de Soi\" \/>\n<meta property=\"og:description\" content=\"Massage des pieds aux Bols Kansu Cette technique de\u00a0massage\u00a0a \u00e9t\u00e9 int\u00e9gr\u00e9e dans les mesures d\u2019hygi\u00e8ne indiennes, et serait \u00e0 l\u2019origine du c\u00e9l\u00e8bre proverbe indien\u00a0: \u00ab La maladie n\u2019atteint pas celui qui se masse les pieds avant de dormir, tout comme les serpents n\u2019approchent pas les aigles \u00bb. Le massage au bol Kansu est issu de &hellip;\" \/>\n<meta property=\"og:url\" content=\"https:\/\/auxracinesdesoi.fr\/index.php\/massage-au-bol-kansu\/\" \/>\n<meta property=\"og:site_name\" content=\"Aux Racines de Soi\" \/>\n<meta property=\"article:publisher\" content=\"https:\/\/www.facebook.com\/AuxRacinesDeSoi\" \/>\n<meta property=\"article:modified_time\" content=\"2025-05-07T08:23:35+00:00\" \/>\n<meta property=\"og:image\" content=\"https:\/\/media.istockphoto.com\/photos\/soothing-massage-with-kansu-technique-picture-id178454489?k=6&amp;m=178454489&amp;s=612x612&amp;w=0&amp;h=RBenJEOb0MQ2j23kHDoQitltHQekQHMNWdlQkcPQZYc=\" \/>\n<meta name=\"twitter:card\" content=\"summary_large_image\" \/>\n<meta name=\"twitter:label1\" content=\"Dur\u00e9e de lecture estim\u00e9e\" \/>\n\t<meta name=\"twitter:data1\" content=\"1 minute\" \/>\n<script type=\"application\/ld+json\" class=\"yoast-schema-graph\">{\"@context\":\"https:\\\/\\\/schema.org\",\"@graph\":[{\"@type\":\"WebPage\",\"@id\":\"https:\\\/\\\/auxracinesdesoi.fr\\\/index.php\\\/massage-au-bol-kansu\\\/\",\"url\":\"https:\\\/\\\/auxracinesdesoi.fr\\\/index.php\\\/massage-au-bol-kansu\\\/\",\"name\":\"Massage des pieds aux Bols Kansu - Aux Racines de Soi\",\"isPartOf\":{\"@id\":\"https:\\\/\\\/auxracinesdesoi.fr\\\/#website\"},\"primaryImageOfPage\":{\"@id\":\"https:\\\/\\\/auxracinesdesoi.fr\\\/index.php\\\/massage-au-bol-kansu\\\/#primaryimage\"},\"image\":{\"@id\":\"https:\\\/\\\/auxracinesdesoi.fr\\\/index.php\\\/massage-au-bol-kansu\\\/#primaryimage\"},\"thumbnailUrl\":\"https:\\\/\\\/media.istockphoto.com\\\/photos\\\/soothing-massage-with-kansu-technique-picture-id178454489?k=6&amp;m=178454489&amp;s=612x612&amp;w=0&amp;h=RBenJEOb0MQ2j23kHDoQitltHQekQHMNWdlQkcPQZYc=\",\"datePublished\":\"2021-03-24T22:28:02+00:00\",\"dateModified\":\"2025-05-07T08:23:35+00:00\",\"breadcrumb\":{\"@id\":\"https:\\\/\\\/auxracinesdesoi.fr\\\/index.php\\\/massage-au-bol-kansu\\\/#breadcrumb\"},\"inLanguage\":\"fr-FR\",\"potentialAction\":[{\"@type\":\"ReadAction\",\"target\":[\"https:\\\/\\\/auxracinesdesoi.fr\\\/index.php\\\/massage-au-bol-kansu\\\/\"]}]},{\"@type\":\"ImageObject\",\"inLanguage\":\"fr-FR\",\"@id\":\"https:\\\/\\\/auxracinesdesoi.fr\\\/index.php\\\/massage-au-bol-kansu\\\/#primaryimage\",\"url\":\"https:\\\/\\\/media.istockphoto.com\\\/photos\\\/soothing-massage-with-kansu-technique-picture-id178454489?k=6&amp;m=178454489&amp;s=612x612&amp;w=0&amp;h=RBenJEOb0MQ2j23kHDoQitltHQekQHMNWdlQkcPQZYc=\",\"contentUrl\":\"https:\\\/\\\/media.istockphoto.com\\\/photos\\\/soothing-massage-with-kansu-technique-picture-id178454489?k=6&amp;m=178454489&amp;s=612x612&amp;w=0&amp;h=RBenJEOb0MQ2j23kHDoQitltHQekQHMNWdlQkcPQZYc=\"},{\"@type\":\"BreadcrumbList\",\"@id\":\"https:\\\/\\\/auxracinesdesoi.fr\\\/index.php\\\/massage-au-bol-kansu\\\/#breadcrumb\",\"itemListElement\":[{\"@type\":\"ListItem\",\"position\":1,\"name\":\"Accueil\",\"item\":\"https:\\\/\\\/auxracinesdesoi.fr\\\/\"},{\"@type\":\"ListItem\",\"position\":2,\"name\":\"Massage des pieds aux Bols Kansu\"}]},{\"@type\":\"WebSite\",\"@id\":\"https:\\\/\\\/auxracinesdesoi.fr\\\/#website\",\"url\":\"https:\\\/\\\/auxracinesdesoi.fr\\\/\",\"name\":\"Aux Racines de Soi\",\"description\":\"\",\"publisher\":{\"@id\":\"https:\\\/\\\/auxracinesdesoi.fr\\\/#organization\"},\"potentialAction\":[{\"@type\":\"SearchAction\",\"target\":{\"@type\":\"EntryPoint\",\"urlTemplate\":\"https:\\\/\\\/auxracinesdesoi.fr\\\/?s={search_term_string}\"},\"query-input\":{\"@type\":\"PropertyValueSpecification\",\"valueRequired\":true,\"valueName\":\"search_term_string\"}}],\"inLanguage\":\"fr-FR\"},{\"@type\":\"Organization\",\"@id\":\"https:\\\/\\\/auxracinesdesoi.fr\\\/#organization\",\"name\":\"Aux Racines de Soi\",\"url\":\"https:\\\/\\\/auxracinesdesoi.fr\\\/\",\"logo\":{\"@type\":\"ImageObject\",\"inLanguage\":\"fr-FR\",\"@id\":\"https:\\\/\\\/auxracinesdesoi.fr\\\/#\\\/schema\\\/logo\\\/image\\\/\",\"url\":\"https:\\\/\\\/auxracinesdesoi.fr\\\/wp-content\\\/uploads\\\/2021\\\/07\\\/171525535_217833520008418_4357606585812520522_n.png\",\"contentUrl\":\"https:\\\/\\\/auxracinesdesoi.fr\\\/wp-content\\\/uploads\\\/2021\\\/07\\\/171525535_217833520008418_4357606585812520522_n.png\",\"width\":945,\"height\":945,\"caption\":\"Aux Racines de Soi\"},\"image\":{\"@id\":\"https:\\\/\\\/auxracinesdesoi.fr\\\/#\\\/schema\\\/logo\\\/image\\\/\"},\"sameAs\":[\"https:\\\/\\\/www.facebook.com\\\/AuxRacinesDeSoi\",\"https:\\\/\\\/www.instagram.com\\\/auxracinesdesoi\"]}]}<\/script>\n<!-- \/ Yoast SEO plugin. -->","yoast_head_json":{"title":"Massage des pieds aux Bols Kansu - Aux Racines de Soi","robots":{"index":"index","follow":"follow","max-snippet":"max-snippet:-1","max-image-preview":"max-image-preview:large","max-video-preview":"max-video-preview:-1"},"canonical":"https:\/\/auxracinesdesoi.fr\/index.php\/massage-au-bol-kansu\/","og_locale":"fr_FR","og_type":"article","og_title":"Massage des pieds aux Bols Kansu - Aux Racines de Soi","og_description":"Massage des pieds aux Bols Kansu Cette technique de\u00a0massage\u00a0a \u00e9t\u00e9 int\u00e9gr\u00e9e dans les mesures d\u2019hygi\u00e8ne indiennes, et serait \u00e0 l\u2019origine du c\u00e9l\u00e8bre proverbe indien\u00a0: \u00ab La maladie n\u2019atteint pas celui qui se masse les pieds avant de dormir, tout comme les serpents n\u2019approchent pas les aigles \u00bb. Le massage au bol Kansu est issu de &hellip;","og_url":"https:\/\/auxracinesdesoi.fr\/index.php\/massage-au-bol-kansu\/","og_site_name":"Aux Racines de Soi","article_publisher":"https:\/\/www.facebook.com\/AuxRacinesDeSoi","article_modified_time":"2025-05-07T08:23:35+00:00","og_image":[{"url":"https:\/\/media.istockphoto.com\/photos\/soothing-massage-with-kansu-technique-picture-id178454489?k=6&amp;m=178454489&amp;s=612x612&amp;w=0&amp;h=RBenJEOb0MQ2j23kHDoQitltHQekQHMNWdlQkcPQZYc=","type":"","width":"","height":""}],"twitter_card":"summary_large_image","twitter_misc":{"Dur\u00e9e de lecture estim\u00e9e":"1 minute"},"schema":{"@context":"https:\/\/schema.org","@graph":[{"@type":"WebPage","@id":"https:\/\/auxracinesdesoi.fr\/index.php\/massage-au-bol-kansu\/","url":"https:\/\/auxracinesdesoi.fr\/index.php\/massage-au-bol-kansu\/","name":"Massage des pieds aux Bols Kansu - Aux Racines de Soi","isPartOf":{"@id":"https:\/\/auxracinesdesoi.fr\/#website"},"primaryImageOfPage":{"@id":"https:\/\/auxracinesdesoi.fr\/index.php\/massage-au-bol-kansu\/#primaryimage"},"image":{"@id":"https:\/\/auxracinesdesoi.fr\/index.php\/massage-au-bol-kansu\/#primaryimage"},"thumbnailUrl":"https:\/\/media.istockphoto.com\/photos\/soothing-massage-with-kansu-technique-picture-id178454489?k=6&amp;m=178454489&amp;s=612x612&amp;w=0&amp;h=RBenJEOb0MQ2j23kHDoQitltHQekQHMNWdlQkcPQZYc=","datePublished":"2021-03-24T22:28:02+00:00","dateModified":"2025-05-07T08:23:35+00:00","breadcrumb":{"@id":"https:\/\/auxracinesdesoi.fr\/index.php\/massage-au-bol-kansu\/#breadcrumb"},"inLanguage":"fr-FR","potentialAction":[{"@type":"ReadAction","target":["https:\/\/auxracinesdesoi.fr\/index.php\/massage-au-bol-kansu\/"]}]},{"@type":"ImageObject","inLanguage":"fr-FR","@id":"https:\/\/auxracinesdesoi.fr\/index.php\/massage-au-bol-kansu\/#primaryimage","url":"https:\/\/media.istockphoto.com\/photos\/soothing-massage-with-kansu-technique-picture-id178454489?k=6&amp;m=178454489&amp;s=612x612&amp;w=0&amp;h=RBenJEOb0MQ2j23kHDoQitltHQekQHMNWdlQkcPQZYc=","contentUrl":"https:\/\/media.istockphoto.com\/photos\/soothing-massage-with-kansu-technique-picture-id178454489?k=6&amp;m=178454489&amp;s=612x612&amp;w=0&amp;h=RBenJEOb0MQ2j23kHDoQitltHQekQHMNWdlQkcPQZYc="},{"@type":"BreadcrumbList","@id":"https:\/\/auxracinesdesoi.fr\/index.php\/massage-au-bol-kansu\/#breadcrumb","itemListElement":[{"@type":"ListItem","position":1,"name":"Accueil","item":"https:\/\/auxracinesdesoi.fr\/"},{"@type":"ListItem","position":2,"name":"Massage des pieds aux Bols Kansu"}]},{"@type":"WebSite","@id":"https:\/\/auxracinesdesoi.fr\/#website","url":"https:\/\/auxracinesdesoi.fr\/","name":"Aux Racines de Soi","description":"","publisher":{"@id":"https:\/\/auxracinesdesoi.fr\/#organization"},"potentialAction":[{"@type":"SearchAction","target":{"@type":"EntryPoint","urlTemplate":"https:\/\/auxracinesdesoi.fr\/?s={search_term_string}"},"query-input":{"@type":"PropertyValueSpecification","valueRequired":true,"valueName":"search_term_string"}}],"inLanguage":"fr-FR"},{"@type":"Organization","@id":"https:\/\/auxracinesdesoi.fr\/#organization","name":"Aux Racines de Soi","url":"https:\/\/auxracinesdesoi.fr\/","logo":{"@type":"ImageObject","inLanguage":"fr-FR","@id":"https:\/\/auxracinesdesoi.fr\/#\/schema\/logo\/image\/","url":"https:\/\/auxracinesdesoi.fr\/wp-content\/uploads\/2021\/07\/171525535_217833520008418_4357606585812520522_n.png","contentUrl":"https:\/\/auxracinesdesoi.fr\/wp-content\/uploads\/2021\/07\/171525535_217833520008418_4357606585812520522_n.png","width":945,"height":945,"caption":"Aux Racines de Soi"},"image":{"@id":"https:\/\/auxracinesdesoi.fr\/#\/schema\/logo\/image\/"},"sameAs":["https:\/\/www.facebook.com\/AuxRacinesDeSoi","https:\/\/www.instagram.com\/auxracinesdesoi"]}]}},"_links":{"self":[{"href":"https:\/\/auxracinesdesoi.fr\/index.php\/wp-json\/wp\/v2\/pages\/94","targetHints":{"allow":["GET"]}}],"collection":[{"href":"https:\/\/auxracinesdesoi.fr\/index.php\/wp-json\/wp\/v2\/pages"}],"about":[{"href":"https:\/\/auxracinesdesoi.fr\/index.php\/wp-json\/wp\/v2\/types\/page"}],"author":[{"embeddable":true,"href":"https:\/\/auxracinesdesoi.fr\/index.php\/wp-json\/wp\/v2\/users\/1"}],"replies":[{"embeddable":true,"href":"https:\/\/auxracinesdesoi.fr\/index.php\/wp-json\/wp\/v2\/comments?post=94"}],"version-history":[{"count":20,"href":"https:\/\/auxracinesdesoi.fr\/index.php\/wp-json\/wp\/v2\/pages\/94\/revisions"}],"predecessor-version":[{"id":648,"href":"https:\/\/auxracinesdesoi.fr\/index.php\/wp-json\/wp\/v2\/pages\/94\/revisions\/648"}],"wp:attachment":[{"href":"https:\/\/auxracinesdesoi.fr\/index.php\/wp-json\/wp\/v2\/media?parent=94"}],"curies":[{"name":"wp","href":"https:\/\/api.w.org\/{rel}","templated":true}]}}