{"id":698,"date":"2025-09-28T17:18:40","date_gmt":"2025-09-28T15:18:40","guid":{"rendered":"https:\/\/auxracinesdesoi.fr\/?page_id=698"},"modified":"2025-10-17T12:23:02","modified_gmt":"2025-10-17T10:23:02","slug":"sonotherapie-soins-aux-diapasons","status":"publish","type":"page","link":"https:\/\/auxracinesdesoi.fr\/index.php\/sonotherapie-soins-aux-diapasons\/","title":{"rendered":"Sonoth\u00e9rapie : soins aux diapasons"},"content":{"rendered":"<h3><span style=\"color: #0693e3;\">Soins aux diapasons<\/span><\/h3>\n<p><img fetchpriority=\"high\" decoding=\"async\" class=\"aligncenter\" src=\"http:\/\/auxracinesdesoi.fr\/wp-content\/uploads\/2024\/11\/70a1f223-ee72-4e7c-afe0-c9b82bc250e7-300x200.jpg\" alt=\"\" width=\"300\" height=\"200\" \/><\/p>\n<h4 style=\"text-align: center;\"><span style=\"color: #0693e3;\">Profitez d\u2019un instant de s\u00e9r\u00e9nit\u00e9 et de pure d\u00e9tente\u00a0pour le bien-\u00eatre de votre corps et de votre esprit.<\/span><\/h4>\n<p>En sonoth\u00e9rapie, l\u2019effet de sons et vibrations sp\u00e9cifiques est utilis\u00e9 dans un but th\u00e9rapeutique. C\u2019est un massage int\u00e9rieur, les vibrations des diapasons vont entrer en r\u00e9sonance avec vos cellules et d\u00e9nouer les blocages \u00e9nerg\u00e9tiques. La sensation physique de l\u2019onde vibratoire qui s\u2019\u00e9tend dans le corps invite au bien-\u00eatre complet , induisant un effet de profond l\u00e2cher prise physique et \u00e9motionnel. Les tensions accumul\u00e9es dans le corps sont \u00e9vacu\u00e9es et le mental ralentit.<\/p>\n<p><strong>Ce soin est particuli\u00e8rement b\u00e9n\u00e9fique pour :<\/strong><\/p>\n<ul>\n<li>Stimuler son \u00e9nergie vitale.<\/li>\n<li>Redynamiser le syst\u00e8me immunitaire, lymphatique.<\/li>\n<li>Se lib\u00e9rer des tensions et blocages physiques, \u00e9motionnels et \u00e9nerg\u00e9tiques.<\/li>\n<li>Les troubles du sommeil, de la concentration.<\/li>\n<li>L\u2019hyperactivit\u00e9.<\/li>\n<li>La d\u00e9pression, la fatigue chronique.<\/li>\n<li>Sinus bouch\u00e9s<\/li>\n<li>Douleurs : canal carpien, sciatique, cruralgie, etc\u2026<\/li>\n<\/ul>\n<p><strong>Contre-indications :<\/strong><\/p>\n<ul>\n<li>Personnes portant un pacemaker,<\/li>\n<li>Femmes enceintes,<\/li>\n<li>Cancer,<\/li>\n<li>Phl\u00e9bite,<\/li>\n<li>Epilepsie<\/li>\n<\/ul>\n<p>Les jours suivants un soin o\u00f9 les tensions ont \u00e9t\u00e9 \u00e9vacu\u00e9es, le corps cherche son nouvel \u00e9quilibre. Une plus grande sensibilit\u00e9 \u00e0 son environnement, de la fatigue et une lib\u00e9ration des \u00e9motions est possible. Se reposer et bien s\u2019hydrater est donc important.<\/p>\n<p><strong>RECOMMANDATIONS<\/strong> :\u00a0 Soin cibl\u00e9 sur une douleur, blocage ou autre pathologie, il est conseill\u00e9 de faire 6 s\u00e9ances \u00e0 une fr\u00e9quence de 1 s\u00e9ance par semaine, afin que le corps retrouve son harmonie, puis 1 fois par mois suivant les besoins.<\/p>\n<p>Ce protocole est \u00e0 destination de tous les publics (enfants ou adultes) sauf contre-indications mentionn\u00e9es pr\u00e9c\u00e9demment.<\/p>\n<p><img decoding=\"async\" src=\"http:\/\/auxracinesdesoi.fr\/wp-content\/uploads\/2024\/11\/792d49ad-47b9-4a1d-b313-f9dd0ff312a5-300x300.jpg\" alt=\"\" width=\"300\" height=\"300\" \/><\/p>\n","protected":false},"excerpt":{"rendered":"<p>Soins aux diapasons Profitez d\u2019un instant de s\u00e9r\u00e9nit\u00e9 et de pure d\u00e9tente\u00a0pour le bien-\u00eatre de votre corps et de votre esprit. En sonoth\u00e9rapie, l\u2019effet de sons et vibrations sp\u00e9cifiques est utilis\u00e9 dans un but th\u00e9rapeutique. C\u2019est un massage int\u00e9rieur, les vibrations des diapasons vont entrer en r\u00e9sonance avec vos cellules et d\u00e9nouer les blocages \u00e9nerg\u00e9tiques. &hellip; <\/p>\n","protected":false},"author":1,"featured_media":0,"parent":0,"menu_order":0,"comment_status":"closed","ping_status":"closed","template":"","meta":{"footnotes":""},"class_list":["post-698","page","type-page","status-publish","hentry"],"yoast_head":"<!-- This site is optimized with the Yoast SEO plugin v27.4 - https:\/\/yoast.com\/product\/yoast-seo-wordpress\/ -->\n<title>Sonoth\u00e9rapie : soins aux diapasons - Aux Racines de Soi<\/title>\n<meta name=\"robots\" content=\"index, follow, max-snippet:-1, max-image-preview:large, max-video-preview:-1\" \/>\n<link rel=\"canonical\" href=\"http:\/\/auxracinesdesoi.fr\/index.php\/sonotherapie-soins-aux-diapasons\/\" \/>\n<meta property=\"og:locale\" content=\"fr_FR\" \/>\n<meta property=\"og:type\" content=\"article\" \/>\n<meta property=\"og:title\" content=\"Sonoth\u00e9rapie : soins aux diapasons - Aux Racines de Soi\" \/>\n<meta property=\"og:description\" content=\"Soins aux diapasons Profitez d\u2019un instant de s\u00e9r\u00e9nit\u00e9 et de pure d\u00e9tente\u00a0pour le bien-\u00eatre de votre corps et de votre esprit. En sonoth\u00e9rapie, l\u2019effet de sons et vibrations sp\u00e9cifiques est utilis\u00e9 dans un but th\u00e9rapeutique. C\u2019est un massage int\u00e9rieur, les vibrations des diapasons vont entrer en r\u00e9sonance avec vos cellules et d\u00e9nouer les blocages \u00e9nerg\u00e9tiques. &hellip;\" \/>\n<meta property=\"og:url\" content=\"http:\/\/auxracinesdesoi.fr\/index.php\/sonotherapie-soins-aux-diapasons\/\" \/>\n<meta property=\"og:site_name\" content=\"Aux Racines de Soi\" \/>\n<meta property=\"article:publisher\" content=\"https:\/\/www.facebook.com\/AuxRacinesDeSoi\" \/>\n<meta property=\"article:modified_time\" content=\"2025-10-17T10:23:02+00:00\" \/>\n<meta property=\"og:image\" content=\"http:\/\/auxracinesdesoi.fr\/wp-content\/uploads\/2024\/11\/70a1f223-ee72-4e7c-afe0-c9b82bc250e7-300x200.jpg\" \/>\n<meta name=\"twitter:card\" content=\"summary_large_image\" \/>\n<meta name=\"twitter:label1\" content=\"Dur\u00e9e de lecture estim\u00e9e\" \/>\n\t<meta name=\"twitter:data1\" content=\"1 minute\" \/>\n<script type=\"application\/ld+json\" class=\"yoast-schema-graph\">{\"@context\":\"https:\\\/\\\/schema.org\",\"@graph\":[{\"@type\":\"WebPage\",\"@id\":\"http:\\\/\\\/auxracinesdesoi.fr\\\/index.php\\\/sonotherapie-soins-aux-diapasons\\\/\",\"url\":\"http:\\\/\\\/auxracinesdesoi.fr\\\/index.php\\\/sonotherapie-soins-aux-diapasons\\\/\",\"name\":\"Sonoth\u00e9rapie : soins aux diapasons - Aux Racines de Soi\",\"isPartOf\":{\"@id\":\"https:\\\/\\\/auxracinesdesoi.fr\\\/#website\"},\"primaryImageOfPage\":{\"@id\":\"http:\\\/\\\/auxracinesdesoi.fr\\\/index.php\\\/sonotherapie-soins-aux-diapasons\\\/#primaryimage\"},\"image\":{\"@id\":\"http:\\\/\\\/auxracinesdesoi.fr\\\/index.php\\\/sonotherapie-soins-aux-diapasons\\\/#primaryimage\"},\"thumbnailUrl\":\"http:\\\/\\\/auxracinesdesoi.fr\\\/wp-content\\\/uploads\\\/2024\\\/11\\\/70a1f223-ee72-4e7c-afe0-c9b82bc250e7-300x200.jpg\",\"datePublished\":\"2025-09-28T15:18:40+00:00\",\"dateModified\":\"2025-10-17T10:23:02+00:00\",\"breadcrumb\":{\"@id\":\"http:\\\/\\\/auxracinesdesoi.fr\\\/index.php\\\/sonotherapie-soins-aux-diapasons\\\/#breadcrumb\"},\"inLanguage\":\"fr-FR\",\"potentialAction\":[{\"@type\":\"ReadAction\",\"target\":[\"http:\\\/\\\/auxracinesdesoi.fr\\\/index.php\\\/sonotherapie-soins-aux-diapasons\\\/\"]}]},{\"@type\":\"ImageObject\",\"inLanguage\":\"fr-FR\",\"@id\":\"http:\\\/\\\/auxracinesdesoi.fr\\\/index.php\\\/sonotherapie-soins-aux-diapasons\\\/#primaryimage\",\"url\":\"http:\\\/\\\/auxracinesdesoi.fr\\\/wp-content\\\/uploads\\\/2024\\\/11\\\/70a1f223-ee72-4e7c-afe0-c9b82bc250e7-300x200.jpg\",\"contentUrl\":\"http:\\\/\\\/auxracinesdesoi.fr\\\/wp-content\\\/uploads\\\/2024\\\/11\\\/70a1f223-ee72-4e7c-afe0-c9b82bc250e7-300x200.jpg\"},{\"@type\":\"BreadcrumbList\",\"@id\":\"http:\\\/\\\/auxracinesdesoi.fr\\\/index.php\\\/sonotherapie-soins-aux-diapasons\\\/#breadcrumb\",\"itemListElement\":[{\"@type\":\"ListItem\",\"position\":1,\"name\":\"Accueil\",\"item\":\"https:\\\/\\\/auxracinesdesoi.fr\\\/\"},{\"@type\":\"ListItem\",\"position\":2,\"name\":\"Sonoth\u00e9rapie : soins aux diapasons\"}]},{\"@type\":\"WebSite\",\"@id\":\"https:\\\/\\\/auxracinesdesoi.fr\\\/#website\",\"url\":\"https:\\\/\\\/auxracinesdesoi.fr\\\/\",\"name\":\"Aux Racines de Soi\",\"description\":\"\",\"publisher\":{\"@id\":\"https:\\\/\\\/auxracinesdesoi.fr\\\/#organization\"},\"potentialAction\":[{\"@type\":\"SearchAction\",\"target\":{\"@type\":\"EntryPoint\",\"urlTemplate\":\"https:\\\/\\\/auxracinesdesoi.fr\\\/?s={search_term_string}\"},\"query-input\":{\"@type\":\"PropertyValueSpecification\",\"valueRequired\":true,\"valueName\":\"search_term_string\"}}],\"inLanguage\":\"fr-FR\"},{\"@type\":\"Organization\",\"@id\":\"https:\\\/\\\/auxracinesdesoi.fr\\\/#organization\",\"name\":\"Aux Racines de Soi\",\"url\":\"https:\\\/\\\/auxracinesdesoi.fr\\\/\",\"logo\":{\"@type\":\"ImageObject\",\"inLanguage\":\"fr-FR\",\"@id\":\"https:\\\/\\\/auxracinesdesoi.fr\\\/#\\\/schema\\\/logo\\\/image\\\/\",\"url\":\"https:\\\/\\\/auxracinesdesoi.fr\\\/wp-content\\\/uploads\\\/2021\\\/07\\\/171525535_217833520008418_4357606585812520522_n.png\",\"contentUrl\":\"https:\\\/\\\/auxracinesdesoi.fr\\\/wp-content\\\/uploads\\\/2021\\\/07\\\/171525535_217833520008418_4357606585812520522_n.png\",\"width\":945,\"height\":945,\"caption\":\"Aux Racines de Soi\"},\"image\":{\"@id\":\"https:\\\/\\\/auxracinesdesoi.fr\\\/#\\\/schema\\\/logo\\\/image\\\/\"},\"sameAs\":[\"https:\\\/\\\/www.facebook.com\\\/AuxRacinesDeSoi\",\"https:\\\/\\\/www.instagram.com\\\/auxracinesdesoi\"]}]}<\/script>\n<!-- \/ Yoast SEO plugin. -->","yoast_head_json":{"title":"Sonoth\u00e9rapie : soins aux diapasons - Aux Racines de Soi","robots":{"index":"index","follow":"follow","max-snippet":"max-snippet:-1","max-image-preview":"max-image-preview:large","max-video-preview":"max-video-preview:-1"},"canonical":"http:\/\/auxracinesdesoi.fr\/index.php\/sonotherapie-soins-aux-diapasons\/","og_locale":"fr_FR","og_type":"article","og_title":"Sonoth\u00e9rapie : soins aux diapasons - Aux Racines de Soi","og_description":"Soins aux diapasons Profitez d\u2019un instant de s\u00e9r\u00e9nit\u00e9 et de pure d\u00e9tente\u00a0pour le bien-\u00eatre de votre corps et de votre esprit. En sonoth\u00e9rapie, l\u2019effet de sons et vibrations sp\u00e9cifiques est utilis\u00e9 dans un but th\u00e9rapeutique. C\u2019est un massage int\u00e9rieur, les vibrations des diapasons vont entrer en r\u00e9sonance avec vos cellules et d\u00e9nouer les blocages \u00e9nerg\u00e9tiques. &hellip;","og_url":"http:\/\/auxracinesdesoi.fr\/index.php\/sonotherapie-soins-aux-diapasons\/","og_site_name":"Aux Racines de Soi","article_publisher":"https:\/\/www.facebook.com\/AuxRacinesDeSoi","article_modified_time":"2025-10-17T10:23:02+00:00","og_image":[{"url":"http:\/\/auxracinesdesoi.fr\/wp-content\/uploads\/2024\/11\/70a1f223-ee72-4e7c-afe0-c9b82bc250e7-300x200.jpg","type":"","width":"","height":""}],"twitter_card":"summary_large_image","twitter_misc":{"Dur\u00e9e de lecture estim\u00e9e":"1 minute"},"schema":{"@context":"https:\/\/schema.org","@graph":[{"@type":"WebPage","@id":"http:\/\/auxracinesdesoi.fr\/index.php\/sonotherapie-soins-aux-diapasons\/","url":"http:\/\/auxracinesdesoi.fr\/index.php\/sonotherapie-soins-aux-diapasons\/","name":"Sonoth\u00e9rapie : soins aux diapasons - Aux Racines de Soi","isPartOf":{"@id":"https:\/\/auxracinesdesoi.fr\/#website"},"primaryImageOfPage":{"@id":"http:\/\/auxracinesdesoi.fr\/index.php\/sonotherapie-soins-aux-diapasons\/#primaryimage"},"image":{"@id":"http:\/\/auxracinesdesoi.fr\/index.php\/sonotherapie-soins-aux-diapasons\/#primaryimage"},"thumbnailUrl":"http:\/\/auxracinesdesoi.fr\/wp-content\/uploads\/2024\/11\/70a1f223-ee72-4e7c-afe0-c9b82bc250e7-300x200.jpg","datePublished":"2025-09-28T15:18:40+00:00","dateModified":"2025-10-17T10:23:02+00:00","breadcrumb":{"@id":"http:\/\/auxracinesdesoi.fr\/index.php\/sonotherapie-soins-aux-diapasons\/#breadcrumb"},"inLanguage":"fr-FR","potentialAction":[{"@type":"ReadAction","target":["http:\/\/auxracinesdesoi.fr\/index.php\/sonotherapie-soins-aux-diapasons\/"]}]},{"@type":"ImageObject","inLanguage":"fr-FR","@id":"http:\/\/auxracinesdesoi.fr\/index.php\/sonotherapie-soins-aux-diapasons\/#primaryimage","url":"http:\/\/auxracinesdesoi.fr\/wp-content\/uploads\/2024\/11\/70a1f223-ee72-4e7c-afe0-c9b82bc250e7-300x200.jpg","contentUrl":"http:\/\/auxracinesdesoi.fr\/wp-content\/uploads\/2024\/11\/70a1f223-ee72-4e7c-afe0-c9b82bc250e7-300x200.jpg"},{"@type":"BreadcrumbList","@id":"http:\/\/auxracinesdesoi.fr\/index.php\/sonotherapie-soins-aux-diapasons\/#breadcrumb","itemListElement":[{"@type":"ListItem","position":1,"name":"Accueil","item":"https:\/\/auxracinesdesoi.fr\/"},{"@type":"ListItem","position":2,"name":"Sonoth\u00e9rapie : soins aux diapasons"}]},{"@type":"WebSite","@id":"https:\/\/auxracinesdesoi.fr\/#website","url":"https:\/\/auxracinesdesoi.fr\/","name":"Aux Racines de Soi","description":"","publisher":{"@id":"https:\/\/auxracinesdesoi.fr\/#organization"},"potentialAction":[{"@type":"SearchAction","target":{"@type":"EntryPoint","urlTemplate":"https:\/\/auxracinesdesoi.fr\/?s={search_term_string}"},"query-input":{"@type":"PropertyValueSpecification","valueRequired":true,"valueName":"search_term_string"}}],"inLanguage":"fr-FR"},{"@type":"Organization","@id":"https:\/\/auxracinesdesoi.fr\/#organization","name":"Aux Racines de Soi","url":"https:\/\/auxracinesdesoi.fr\/","logo":{"@type":"ImageObject","inLanguage":"fr-FR","@id":"https:\/\/auxracinesdesoi.fr\/#\/schema\/logo\/image\/","url":"https:\/\/auxracinesdesoi.fr\/wp-content\/uploads\/2021\/07\/171525535_217833520008418_4357606585812520522_n.png","contentUrl":"https:\/\/auxracinesdesoi.fr\/wp-content\/uploads\/2021\/07\/171525535_217833520008418_4357606585812520522_n.png","width":945,"height":945,"caption":"Aux Racines de Soi"},"image":{"@id":"https:\/\/auxracinesdesoi.fr\/#\/schema\/logo\/image\/"},"sameAs":["https:\/\/www.facebook.com\/AuxRacinesDeSoi","https:\/\/www.instagram.com\/auxracinesdesoi"]}]}},"_links":{"self":[{"href":"https:\/\/auxracinesdesoi.fr\/index.php\/wp-json\/wp\/v2\/pages\/698","targetHints":{"allow":["GET"]}}],"collection":[{"href":"https:\/\/auxracinesdesoi.fr\/index.php\/wp-json\/wp\/v2\/pages"}],"about":[{"href":"https:\/\/auxracinesdesoi.fr\/index.php\/wp-json\/wp\/v2\/types\/page"}],"author":[{"embeddable":true,"href":"https:\/\/auxracinesdesoi.fr\/index.php\/wp-json\/wp\/v2\/users\/1"}],"replies":[{"embeddable":true,"href":"https:\/\/auxracinesdesoi.fr\/index.php\/wp-json\/wp\/v2\/comments?post=698"}],"version-history":[{"count":2,"href":"https:\/\/auxracinesdesoi.fr\/index.php\/wp-json\/wp\/v2\/pages\/698\/revisions"}],"predecessor-version":[{"id":704,"href":"https:\/\/auxracinesdesoi.fr\/index.php\/wp-json\/wp\/v2\/pages\/698\/revisions\/704"}],"wp:attachment":[{"href":"https:\/\/auxracinesdesoi.fr\/index.php\/wp-json\/wp\/v2\/media?parent=698"}],"curies":[{"name":"wp","href":"https:\/\/api.w.org\/{rel}","templated":true}]}}