{"id":470,"date":"2022-04-17T10:22:05","date_gmt":"2022-04-17T08:22:05","guid":{"rendered":"https:\/\/auxracinesdesoi.fr\/?page_id=470"},"modified":"2023-11-26T19:33:40","modified_gmt":"2023-11-26T18:33:40","slug":"accompagnement-hyperacousie","status":"publish","type":"page","link":"https:\/\/auxracinesdesoi.fr\/index.php\/accompagnement-hyperacousie\/","title":{"rendered":"Accompagnement Hyperacousie"},"content":{"rendered":"<p style=\"text-align: center;\">Membre du <strong>p\u00f4le sophrologie et acouph\u00e8nes<\/strong> : <a href=\"https:\/\/www.pole-sophrologie-acouphenes.fr\/patricia-montagne.html\" target=\"_blank\" rel=\"noopener\">https:\/\/www.pole-sophrologie-acouphenes.fr\/patricia-montagne.html<\/a><\/p>\n<p><img fetchpriority=\"high\" decoding=\"async\" class=\"aligncenter wp-image-481 \" src=\"https:\/\/auxracinesdesoi.fr\/wp-content\/uploads\/2022\/04\/hyperacousie.png\" alt=\"\" width=\"383\" height=\"200\" srcset=\"https:\/\/auxracinesdesoi.fr\/wp-content\/uploads\/2022\/04\/hyperacousie.png 802w, https:\/\/auxracinesdesoi.fr\/wp-content\/uploads\/2022\/04\/hyperacousie-300x157.png 300w, https:\/\/auxracinesdesoi.fr\/wp-content\/uploads\/2022\/04\/hyperacousie-768x401.png 768w, https:\/\/auxracinesdesoi.fr\/wp-content\/uploads\/2022\/04\/hyperacousie-115x60.png 115w\" sizes=\"(max-width: 383px) 100vw, 383px\" \/><\/p>\n<h3><span style=\"color: #0693e3;\">La sophrologie, un accompagnement pour votre hyperacousie<\/span><\/h3>\n<p>L\u2019<span style=\"color: #0693e3;\">Hyperacousie<\/span> est aujourd\u2019hui reconnue comme une pathologie ORL.<br \/>\nL\u2019hyperacousie se d\u00e9finit comme une hypersensibilit\u00e9 aux sons de l\u2019environnement pour une intensit\u00e9 jug\u00e9e tout \u00e0 fait acceptable par un sujet normal. Il se traduit par une modification de la perception auditive sous forme d\u2019une amplification ou d\u2019une transformation des sons. La sensation peut aller du simple inconfort \u00e0 une sensation douloureuse intol\u00e9rable.<\/p>\n<h3><span style=\"color: #0693e3;\">Comment la sophrologie est-elle efficace dans la prise en charge de l&rsquo;hyperacousie<\/span><\/h3>\n<p>A travers\u00a0<span style=\"color: #0693e3;\">des techniques sp\u00e9cifiques de sophrologie<\/span><strong>,\u00a0<\/strong>je vous accompagne, dans le cadre d\u2019un parcours de soin, pour vous aider \u00e0 \u00eatre moins r\u00e9actif face aux sons ext\u00e9rieurs.<\/p>\n<p>L\u2019accompagnement cible la diminution du stress, parfois de l\u2019anxi\u00e9t\u00e9 dans un environnement bruyant tel que restaurant, concert, cin\u00e9ma, soir\u00e9e en agissant sur des composantes cognitives, sensorielles, \u00e9motionnelles et comportementales.<\/p>\n<p>Le but \u00e9tant, \u00e0 la fin du protocole, de retrouver une vie sociale, personnelle et professionnelle am\u00e9lior\u00e9e par rapport \u00e0 la situation ant\u00e9rieure.<\/p>\n","protected":false},"excerpt":{"rendered":"<p>Membre du p\u00f4le sophrologie et acouph\u00e8nes : https:\/\/www.pole-sophrologie-acouphenes.fr\/patricia-montagne.html La sophrologie, un accompagnement pour votre hyperacousie L\u2019Hyperacousie est aujourd\u2019hui reconnue comme une pathologie ORL. L\u2019hyperacousie se d\u00e9finit comme une hypersensibilit\u00e9 aux sons de l\u2019environnement pour une intensit\u00e9 jug\u00e9e tout \u00e0 fait acceptable par un sujet normal. Il se traduit par une modification de la perception auditive &hellip; <\/p>\n","protected":false},"author":1,"featured_media":0,"parent":0,"menu_order":0,"comment_status":"closed","ping_status":"closed","template":"","meta":{"footnotes":""},"class_list":["post-470","page","type-page","status-publish","hentry"],"yoast_head":"<!-- This site is optimized with the Yoast SEO plugin v27.4 - https:\/\/yoast.com\/product\/yoast-seo-wordpress\/ -->\n<title>Accompagnement Hyperacousie - Aux Racines de Soi<\/title>\n<meta name=\"robots\" content=\"index, follow, max-snippet:-1, max-image-preview:large, max-video-preview:-1\" \/>\n<link rel=\"canonical\" href=\"https:\/\/auxracinesdesoi.fr\/index.php\/accompagnement-hyperacousie\/\" \/>\n<meta property=\"og:locale\" content=\"fr_FR\" \/>\n<meta property=\"og:type\" content=\"article\" \/>\n<meta property=\"og:title\" content=\"Accompagnement Hyperacousie - Aux Racines de Soi\" \/>\n<meta property=\"og:description\" content=\"Membre du p\u00f4le sophrologie et acouph\u00e8nes : https:\/\/www.pole-sophrologie-acouphenes.fr\/patricia-montagne.html La sophrologie, un accompagnement pour votre hyperacousie L\u2019Hyperacousie est aujourd\u2019hui reconnue comme une pathologie ORL. L\u2019hyperacousie se d\u00e9finit comme une hypersensibilit\u00e9 aux sons de l\u2019environnement pour une intensit\u00e9 jug\u00e9e tout \u00e0 fait acceptable par un sujet normal. Il se traduit par une modification de la perception auditive &hellip;\" \/>\n<meta property=\"og:url\" content=\"https:\/\/auxracinesdesoi.fr\/index.php\/accompagnement-hyperacousie\/\" \/>\n<meta property=\"og:site_name\" content=\"Aux Racines de Soi\" \/>\n<meta property=\"article:publisher\" content=\"https:\/\/www.facebook.com\/AuxRacinesDeSoi\" \/>\n<meta property=\"article:modified_time\" content=\"2023-11-26T18:33:40+00:00\" \/>\n<meta property=\"og:image\" content=\"https:\/\/auxracinesdesoi.fr\/wp-content\/uploads\/2022\/04\/hyperacousie.png\" \/>\n<meta name=\"twitter:card\" content=\"summary_large_image\" \/>\n<meta name=\"twitter:label1\" content=\"Dur\u00e9e de lecture estim\u00e9e\" \/>\n\t<meta name=\"twitter:data1\" content=\"2 minutes\" \/>\n<script type=\"application\/ld+json\" class=\"yoast-schema-graph\">{\"@context\":\"https:\\\/\\\/schema.org\",\"@graph\":[{\"@type\":\"WebPage\",\"@id\":\"https:\\\/\\\/auxracinesdesoi.fr\\\/index.php\\\/accompagnement-hyperacousie\\\/\",\"url\":\"https:\\\/\\\/auxracinesdesoi.fr\\\/index.php\\\/accompagnement-hyperacousie\\\/\",\"name\":\"Accompagnement Hyperacousie - Aux Racines de Soi\",\"isPartOf\":{\"@id\":\"https:\\\/\\\/auxracinesdesoi.fr\\\/#website\"},\"primaryImageOfPage\":{\"@id\":\"https:\\\/\\\/auxracinesdesoi.fr\\\/index.php\\\/accompagnement-hyperacousie\\\/#primaryimage\"},\"image\":{\"@id\":\"https:\\\/\\\/auxracinesdesoi.fr\\\/index.php\\\/accompagnement-hyperacousie\\\/#primaryimage\"},\"thumbnailUrl\":\"https:\\\/\\\/auxracinesdesoi.fr\\\/wp-content\\\/uploads\\\/2022\\\/04\\\/hyperacousie.png\",\"datePublished\":\"2022-04-17T08:22:05+00:00\",\"dateModified\":\"2023-11-26T18:33:40+00:00\",\"breadcrumb\":{\"@id\":\"https:\\\/\\\/auxracinesdesoi.fr\\\/index.php\\\/accompagnement-hyperacousie\\\/#breadcrumb\"},\"inLanguage\":\"fr-FR\",\"potentialAction\":[{\"@type\":\"ReadAction\",\"target\":[\"https:\\\/\\\/auxracinesdesoi.fr\\\/index.php\\\/accompagnement-hyperacousie\\\/\"]}]},{\"@type\":\"ImageObject\",\"inLanguage\":\"fr-FR\",\"@id\":\"https:\\\/\\\/auxracinesdesoi.fr\\\/index.php\\\/accompagnement-hyperacousie\\\/#primaryimage\",\"url\":\"https:\\\/\\\/auxracinesdesoi.fr\\\/wp-content\\\/uploads\\\/2022\\\/04\\\/hyperacousie.png\",\"contentUrl\":\"https:\\\/\\\/auxracinesdesoi.fr\\\/wp-content\\\/uploads\\\/2022\\\/04\\\/hyperacousie.png\",\"width\":802,\"height\":419},{\"@type\":\"BreadcrumbList\",\"@id\":\"https:\\\/\\\/auxracinesdesoi.fr\\\/index.php\\\/accompagnement-hyperacousie\\\/#breadcrumb\",\"itemListElement\":[{\"@type\":\"ListItem\",\"position\":1,\"name\":\"Accueil\",\"item\":\"https:\\\/\\\/auxracinesdesoi.fr\\\/\"},{\"@type\":\"ListItem\",\"position\":2,\"name\":\"Accompagnement Hyperacousie\"}]},{\"@type\":\"WebSite\",\"@id\":\"https:\\\/\\\/auxracinesdesoi.fr\\\/#website\",\"url\":\"https:\\\/\\\/auxracinesdesoi.fr\\\/\",\"name\":\"Aux Racines de Soi\",\"description\":\"\",\"publisher\":{\"@id\":\"https:\\\/\\\/auxracinesdesoi.fr\\\/#organization\"},\"potentialAction\":[{\"@type\":\"SearchAction\",\"target\":{\"@type\":\"EntryPoint\",\"urlTemplate\":\"https:\\\/\\\/auxracinesdesoi.fr\\\/?s={search_term_string}\"},\"query-input\":{\"@type\":\"PropertyValueSpecification\",\"valueRequired\":true,\"valueName\":\"search_term_string\"}}],\"inLanguage\":\"fr-FR\"},{\"@type\":\"Organization\",\"@id\":\"https:\\\/\\\/auxracinesdesoi.fr\\\/#organization\",\"name\":\"Aux Racines de Soi\",\"url\":\"https:\\\/\\\/auxracinesdesoi.fr\\\/\",\"logo\":{\"@type\":\"ImageObject\",\"inLanguage\":\"fr-FR\",\"@id\":\"https:\\\/\\\/auxracinesdesoi.fr\\\/#\\\/schema\\\/logo\\\/image\\\/\",\"url\":\"https:\\\/\\\/auxracinesdesoi.fr\\\/wp-content\\\/uploads\\\/2021\\\/07\\\/171525535_217833520008418_4357606585812520522_n.png\",\"contentUrl\":\"https:\\\/\\\/auxracinesdesoi.fr\\\/wp-content\\\/uploads\\\/2021\\\/07\\\/171525535_217833520008418_4357606585812520522_n.png\",\"width\":945,\"height\":945,\"caption\":\"Aux Racines de Soi\"},\"image\":{\"@id\":\"https:\\\/\\\/auxracinesdesoi.fr\\\/#\\\/schema\\\/logo\\\/image\\\/\"},\"sameAs\":[\"https:\\\/\\\/www.facebook.com\\\/AuxRacinesDeSoi\",\"https:\\\/\\\/www.instagram.com\\\/auxracinesdesoi\"]}]}<\/script>\n<!-- \/ Yoast SEO plugin. -->","yoast_head_json":{"title":"Accompagnement Hyperacousie - Aux Racines de Soi","robots":{"index":"index","follow":"follow","max-snippet":"max-snippet:-1","max-image-preview":"max-image-preview:large","max-video-preview":"max-video-preview:-1"},"canonical":"https:\/\/auxracinesdesoi.fr\/index.php\/accompagnement-hyperacousie\/","og_locale":"fr_FR","og_type":"article","og_title":"Accompagnement Hyperacousie - Aux Racines de Soi","og_description":"Membre du p\u00f4le sophrologie et acouph\u00e8nes : https:\/\/www.pole-sophrologie-acouphenes.fr\/patricia-montagne.html La sophrologie, un accompagnement pour votre hyperacousie L\u2019Hyperacousie est aujourd\u2019hui reconnue comme une pathologie ORL. L\u2019hyperacousie se d\u00e9finit comme une hypersensibilit\u00e9 aux sons de l\u2019environnement pour une intensit\u00e9 jug\u00e9e tout \u00e0 fait acceptable par un sujet normal. Il se traduit par une modification de la perception auditive &hellip;","og_url":"https:\/\/auxracinesdesoi.fr\/index.php\/accompagnement-hyperacousie\/","og_site_name":"Aux Racines de Soi","article_publisher":"https:\/\/www.facebook.com\/AuxRacinesDeSoi","article_modified_time":"2023-11-26T18:33:40+00:00","og_image":[{"url":"https:\/\/auxracinesdesoi.fr\/wp-content\/uploads\/2022\/04\/hyperacousie.png","type":"","width":"","height":""}],"twitter_card":"summary_large_image","twitter_misc":{"Dur\u00e9e de lecture estim\u00e9e":"2 minutes"},"schema":{"@context":"https:\/\/schema.org","@graph":[{"@type":"WebPage","@id":"https:\/\/auxracinesdesoi.fr\/index.php\/accompagnement-hyperacousie\/","url":"https:\/\/auxracinesdesoi.fr\/index.php\/accompagnement-hyperacousie\/","name":"Accompagnement Hyperacousie - Aux Racines de Soi","isPartOf":{"@id":"https:\/\/auxracinesdesoi.fr\/#website"},"primaryImageOfPage":{"@id":"https:\/\/auxracinesdesoi.fr\/index.php\/accompagnement-hyperacousie\/#primaryimage"},"image":{"@id":"https:\/\/auxracinesdesoi.fr\/index.php\/accompagnement-hyperacousie\/#primaryimage"},"thumbnailUrl":"https:\/\/auxracinesdesoi.fr\/wp-content\/uploads\/2022\/04\/hyperacousie.png","datePublished":"2022-04-17T08:22:05+00:00","dateModified":"2023-11-26T18:33:40+00:00","breadcrumb":{"@id":"https:\/\/auxracinesdesoi.fr\/index.php\/accompagnement-hyperacousie\/#breadcrumb"},"inLanguage":"fr-FR","potentialAction":[{"@type":"ReadAction","target":["https:\/\/auxracinesdesoi.fr\/index.php\/accompagnement-hyperacousie\/"]}]},{"@type":"ImageObject","inLanguage":"fr-FR","@id":"https:\/\/auxracinesdesoi.fr\/index.php\/accompagnement-hyperacousie\/#primaryimage","url":"https:\/\/auxracinesdesoi.fr\/wp-content\/uploads\/2022\/04\/hyperacousie.png","contentUrl":"https:\/\/auxracinesdesoi.fr\/wp-content\/uploads\/2022\/04\/hyperacousie.png","width":802,"height":419},{"@type":"BreadcrumbList","@id":"https:\/\/auxracinesdesoi.fr\/index.php\/accompagnement-hyperacousie\/#breadcrumb","itemListElement":[{"@type":"ListItem","position":1,"name":"Accueil","item":"https:\/\/auxracinesdesoi.fr\/"},{"@type":"ListItem","position":2,"name":"Accompagnement Hyperacousie"}]},{"@type":"WebSite","@id":"https:\/\/auxracinesdesoi.fr\/#website","url":"https:\/\/auxracinesdesoi.fr\/","name":"Aux Racines de Soi","description":"","publisher":{"@id":"https:\/\/auxracinesdesoi.fr\/#organization"},"potentialAction":[{"@type":"SearchAction","target":{"@type":"EntryPoint","urlTemplate":"https:\/\/auxracinesdesoi.fr\/?s={search_term_string}"},"query-input":{"@type":"PropertyValueSpecification","valueRequired":true,"valueName":"search_term_string"}}],"inLanguage":"fr-FR"},{"@type":"Organization","@id":"https:\/\/auxracinesdesoi.fr\/#organization","name":"Aux Racines de Soi","url":"https:\/\/auxracinesdesoi.fr\/","logo":{"@type":"ImageObject","inLanguage":"fr-FR","@id":"https:\/\/auxracinesdesoi.fr\/#\/schema\/logo\/image\/","url":"https:\/\/auxracinesdesoi.fr\/wp-content\/uploads\/2021\/07\/171525535_217833520008418_4357606585812520522_n.png","contentUrl":"https:\/\/auxracinesdesoi.fr\/wp-content\/uploads\/2021\/07\/171525535_217833520008418_4357606585812520522_n.png","width":945,"height":945,"caption":"Aux Racines de Soi"},"image":{"@id":"https:\/\/auxracinesdesoi.fr\/#\/schema\/logo\/image\/"},"sameAs":["https:\/\/www.facebook.com\/AuxRacinesDeSoi","https:\/\/www.instagram.com\/auxracinesdesoi"]}]}},"_links":{"self":[{"href":"https:\/\/auxracinesdesoi.fr\/index.php\/wp-json\/wp\/v2\/pages\/470","targetHints":{"allow":["GET"]}}],"collection":[{"href":"https:\/\/auxracinesdesoi.fr\/index.php\/wp-json\/wp\/v2\/pages"}],"about":[{"href":"https:\/\/auxracinesdesoi.fr\/index.php\/wp-json\/wp\/v2\/types\/page"}],"author":[{"embeddable":true,"href":"https:\/\/auxracinesdesoi.fr\/index.php\/wp-json\/wp\/v2\/users\/1"}],"replies":[{"embeddable":true,"href":"https:\/\/auxracinesdesoi.fr\/index.php\/wp-json\/wp\/v2\/comments?post=470"}],"version-history":[{"count":5,"href":"https:\/\/auxracinesdesoi.fr\/index.php\/wp-json\/wp\/v2\/pages\/470\/revisions"}],"predecessor-version":[{"id":592,"href":"https:\/\/auxracinesdesoi.fr\/index.php\/wp-json\/wp\/v2\/pages\/470\/revisions\/592"}],"wp:attachment":[{"href":"https:\/\/auxracinesdesoi.fr\/index.php\/wp-json\/wp\/v2\/media?parent=470"}],"curies":[{"name":"wp","href":"https:\/\/api.w.org\/{rel}","templated":true}]}}