{"id":304,"date":"2021-06-12T21:51:51","date_gmt":"2021-06-12T19:51:51","guid":{"rendered":"https:\/\/auxracinesdesoi.fr\/?page_id=304"},"modified":"2023-11-26T14:43:32","modified_gmt":"2023-11-26T13:43:32","slug":"accompagnement-acouphenes","status":"publish","type":"page","link":"https:\/\/auxracinesdesoi.fr\/index.php\/accompagnement-acouphenes\/","title":{"rendered":"Accompagnement Acouph\u00e8nes"},"content":{"rendered":"<p style=\"text-align: center;\">Membre du <strong>p\u00f4le sophrologie et acouph\u00e8nes<\/strong> : <a href=\"https:\/\/www.pole-sophrologie-acouphenes.fr\/patricia-montagne.html\" target=\"_blank\" rel=\"noopener\">https:\/\/www.pole-sophrologie-acouphenes.fr\/patricia-montagne.html<\/a><\/p>\n<figure><img fetchpriority=\"high\" decoding=\"async\" class=\"aligncenter\" src=\"https:\/\/auxracinesdesoi.fr\/wp-content\/uploads\/2021\/06\/200905332_896806244230857_5161776599087134575_n.jpg\" sizes=\"(max-width: 725px) 100vw, 725px\" srcset=\"https:\/\/auxracinesdesoi.fr\/wp-content\/uploads\/2021\/06\/200905332_896806244230857_5161776599087134575_n.jpg 725w, https:\/\/auxracinesdesoi.fr\/wp-content\/uploads\/2021\/06\/200905332_896806244230857_5161776599087134575_n-300x166.jpg 300w, https:\/\/auxracinesdesoi.fr\/wp-content\/uploads\/2021\/06\/200905332_896806244230857_5161776599087134575_n-109x60.jpg 109w\" alt=\"\" width=\"414\" height=\"229\" \/><\/figure>\n<h3><span style=\"color: #0693e3;\">La sophrologie, un accompagnement pour vos acouph\u00e8nes<\/span><\/h3>\n<p>L&rsquo;acouph\u00e8ne est une perception auditive survenant en l\u2019absence de tout stimulus externe ou interne. Il peut \u00eatre per\u00e7u dans une oreille ou les deux, ou dans la t\u00eate. La personne d\u00e9crit \u00ab\u00a0ses\u00a0\u00bb acouph\u00e8nes comme des sifflements, des bourdonnements, des tintements, un gr\u00e9sillement, ou d\u00e9crit avec des mots plus pr\u00e9cis ce qu\u2019il entend : cocotte-minute, ligne \u00e0 haute tension, vrombissement, chuintement, chant des cigales \u2026.La nature du bruit peut \u00eatre variable, allant d\u2019une tonalit\u00e9 grave \u00e0 des sonorit\u00e9s aigues. Le bruit peut \u00eatre continu ou fluctuant.<\/p>\n<h3><span style=\"color: #0693e3;\">Comment la sophrologie est-elle efficace dans la prise en charge de l\u2019acouph\u00e8ne chronique\u00a0<\/span><\/h3>\n<p>Je vous accompagne avec un protocole de s\u00e9ances sp\u00e9cifiques bas\u00e9 sur des \u00e9tapes et des objectifs pour vous permettre de vous d\u00e9tendre malgr\u00e9 la pr\u00e9sence des bruits parasites, de vous appropriez des outils d\u2019autonomie pour mieux g\u00e9rer les crises.<\/p>\n<p>Il s\u2019agit d\u2019un protocole de sophrologie sp\u00e9cifiquement adapt\u00e9 aux acouph\u00e8nes. Celui-ci n\u00e9cessite 6 \u00e0 8 s\u00e9ances sur une p\u00e9riode de deux \u00e0 quatre mois. <span style=\"color: #0693e3;\"><strong>Ce protocole a \u00e9t\u00e9 \u00e9valu\u00e9 et publi\u00e9 en Avril 2020 aux Annales Fran\u00e7aises ORL et aux Annales Europ\u00e9ennes ORL.<\/strong><\/span><\/p>\n<p style=\"text-align: center;\">\n","protected":false},"excerpt":{"rendered":"<p>Membre du p\u00f4le sophrologie et acouph\u00e8nes : https:\/\/www.pole-sophrologie-acouphenes.fr\/patricia-montagne.html La sophrologie, un accompagnement pour vos acouph\u00e8nes L&rsquo;acouph\u00e8ne est une perception auditive survenant en l\u2019absence de tout stimulus externe ou interne. Il peut \u00eatre per\u00e7u dans une oreille ou les deux, ou dans la t\u00eate. La personne d\u00e9crit \u00ab\u00a0ses\u00a0\u00bb acouph\u00e8nes comme des sifflements, des bourdonnements, des tintements, &hellip; <\/p>\n","protected":false},"author":1,"featured_media":0,"parent":0,"menu_order":0,"comment_status":"closed","ping_status":"closed","template":"","meta":{"footnotes":""},"class_list":["post-304","page","type-page","status-publish","hentry"],"yoast_head":"<!-- This site is optimized with the Yoast SEO plugin v27.4 - https:\/\/yoast.com\/product\/yoast-seo-wordpress\/ -->\n<title>Accompagnement Acouph\u00e8nes - Aux Racines de Soi<\/title>\n<meta name=\"robots\" content=\"index, follow, max-snippet:-1, max-image-preview:large, max-video-preview:-1\" \/>\n<link rel=\"canonical\" href=\"http:\/\/auxracinesdesoi.fr\/index.php\/accompagnement-acouphenes\/\" \/>\n<meta property=\"og:locale\" content=\"fr_FR\" \/>\n<meta property=\"og:type\" content=\"article\" \/>\n<meta property=\"og:title\" content=\"Accompagnement Acouph\u00e8nes - Aux Racines de Soi\" \/>\n<meta property=\"og:description\" content=\"Membre du p\u00f4le sophrologie et acouph\u00e8nes : https:\/\/www.pole-sophrologie-acouphenes.fr\/patricia-montagne.html La sophrologie, un accompagnement pour vos acouph\u00e8nes L&rsquo;acouph\u00e8ne est une perception auditive survenant en l\u2019absence de tout stimulus externe ou interne. Il peut \u00eatre per\u00e7u dans une oreille ou les deux, ou dans la t\u00eate. La personne d\u00e9crit \u00ab\u00a0ses\u00a0\u00bb acouph\u00e8nes comme des sifflements, des bourdonnements, des tintements, &hellip;\" \/>\n<meta property=\"og:url\" content=\"http:\/\/auxracinesdesoi.fr\/index.php\/accompagnement-acouphenes\/\" \/>\n<meta property=\"og:site_name\" content=\"Aux Racines de Soi\" \/>\n<meta property=\"article:publisher\" content=\"https:\/\/www.facebook.com\/AuxRacinesDeSoi\" \/>\n<meta property=\"article:modified_time\" content=\"2023-11-26T13:43:32+00:00\" \/>\n<meta property=\"og:image\" content=\"https:\/\/auxracinesdesoi.fr\/wp-content\/uploads\/2021\/06\/200905332_896806244230857_5161776599087134575_n.jpg\" \/>\n<meta name=\"twitter:card\" content=\"summary_large_image\" \/>\n<meta name=\"twitter:label1\" content=\"Dur\u00e9e de lecture estim\u00e9e\" \/>\n\t<meta name=\"twitter:data1\" content=\"1 minute\" \/>\n<script type=\"application\/ld+json\" class=\"yoast-schema-graph\">{\"@context\":\"https:\\\/\\\/schema.org\",\"@graph\":[{\"@type\":\"WebPage\",\"@id\":\"http:\\\/\\\/auxracinesdesoi.fr\\\/index.php\\\/accompagnement-acouphenes\\\/\",\"url\":\"http:\\\/\\\/auxracinesdesoi.fr\\\/index.php\\\/accompagnement-acouphenes\\\/\",\"name\":\"Accompagnement Acouph\u00e8nes - Aux Racines de Soi\",\"isPartOf\":{\"@id\":\"https:\\\/\\\/auxracinesdesoi.fr\\\/#website\"},\"primaryImageOfPage\":{\"@id\":\"http:\\\/\\\/auxracinesdesoi.fr\\\/index.php\\\/accompagnement-acouphenes\\\/#primaryimage\"},\"image\":{\"@id\":\"http:\\\/\\\/auxracinesdesoi.fr\\\/index.php\\\/accompagnement-acouphenes\\\/#primaryimage\"},\"thumbnailUrl\":\"https:\\\/\\\/auxracinesdesoi.fr\\\/wp-content\\\/uploads\\\/2021\\\/06\\\/200905332_896806244230857_5161776599087134575_n.jpg\",\"datePublished\":\"2021-06-12T19:51:51+00:00\",\"dateModified\":\"2023-11-26T13:43:32+00:00\",\"breadcrumb\":{\"@id\":\"http:\\\/\\\/auxracinesdesoi.fr\\\/index.php\\\/accompagnement-acouphenes\\\/#breadcrumb\"},\"inLanguage\":\"fr-FR\",\"potentialAction\":[{\"@type\":\"ReadAction\",\"target\":[\"http:\\\/\\\/auxracinesdesoi.fr\\\/index.php\\\/accompagnement-acouphenes\\\/\"]}]},{\"@type\":\"ImageObject\",\"inLanguage\":\"fr-FR\",\"@id\":\"http:\\\/\\\/auxracinesdesoi.fr\\\/index.php\\\/accompagnement-acouphenes\\\/#primaryimage\",\"url\":\"https:\\\/\\\/auxracinesdesoi.fr\\\/wp-content\\\/uploads\\\/2021\\\/06\\\/200905332_896806244230857_5161776599087134575_n.jpg\",\"contentUrl\":\"https:\\\/\\\/auxracinesdesoi.fr\\\/wp-content\\\/uploads\\\/2021\\\/06\\\/200905332_896806244230857_5161776599087134575_n.jpg\",\"width\":725,\"height\":400},{\"@type\":\"BreadcrumbList\",\"@id\":\"http:\\\/\\\/auxracinesdesoi.fr\\\/index.php\\\/accompagnement-acouphenes\\\/#breadcrumb\",\"itemListElement\":[{\"@type\":\"ListItem\",\"position\":1,\"name\":\"Accueil\",\"item\":\"https:\\\/\\\/auxracinesdesoi.fr\\\/\"},{\"@type\":\"ListItem\",\"position\":2,\"name\":\"Accompagnement Acouph\u00e8nes\"}]},{\"@type\":\"WebSite\",\"@id\":\"https:\\\/\\\/auxracinesdesoi.fr\\\/#website\",\"url\":\"https:\\\/\\\/auxracinesdesoi.fr\\\/\",\"name\":\"Aux Racines de Soi\",\"description\":\"\",\"publisher\":{\"@id\":\"https:\\\/\\\/auxracinesdesoi.fr\\\/#organization\"},\"potentialAction\":[{\"@type\":\"SearchAction\",\"target\":{\"@type\":\"EntryPoint\",\"urlTemplate\":\"https:\\\/\\\/auxracinesdesoi.fr\\\/?s={search_term_string}\"},\"query-input\":{\"@type\":\"PropertyValueSpecification\",\"valueRequired\":true,\"valueName\":\"search_term_string\"}}],\"inLanguage\":\"fr-FR\"},{\"@type\":\"Organization\",\"@id\":\"https:\\\/\\\/auxracinesdesoi.fr\\\/#organization\",\"name\":\"Aux Racines de Soi\",\"url\":\"https:\\\/\\\/auxracinesdesoi.fr\\\/\",\"logo\":{\"@type\":\"ImageObject\",\"inLanguage\":\"fr-FR\",\"@id\":\"https:\\\/\\\/auxracinesdesoi.fr\\\/#\\\/schema\\\/logo\\\/image\\\/\",\"url\":\"https:\\\/\\\/auxracinesdesoi.fr\\\/wp-content\\\/uploads\\\/2021\\\/07\\\/171525535_217833520008418_4357606585812520522_n.png\",\"contentUrl\":\"https:\\\/\\\/auxracinesdesoi.fr\\\/wp-content\\\/uploads\\\/2021\\\/07\\\/171525535_217833520008418_4357606585812520522_n.png\",\"width\":945,\"height\":945,\"caption\":\"Aux Racines de Soi\"},\"image\":{\"@id\":\"https:\\\/\\\/auxracinesdesoi.fr\\\/#\\\/schema\\\/logo\\\/image\\\/\"},\"sameAs\":[\"https:\\\/\\\/www.facebook.com\\\/AuxRacinesDeSoi\",\"https:\\\/\\\/www.instagram.com\\\/auxracinesdesoi\"]}]}<\/script>\n<!-- \/ Yoast SEO plugin. -->","yoast_head_json":{"title":"Accompagnement Acouph\u00e8nes - Aux Racines de Soi","robots":{"index":"index","follow":"follow","max-snippet":"max-snippet:-1","max-image-preview":"max-image-preview:large","max-video-preview":"max-video-preview:-1"},"canonical":"http:\/\/auxracinesdesoi.fr\/index.php\/accompagnement-acouphenes\/","og_locale":"fr_FR","og_type":"article","og_title":"Accompagnement Acouph\u00e8nes - Aux Racines de Soi","og_description":"Membre du p\u00f4le sophrologie et acouph\u00e8nes : https:\/\/www.pole-sophrologie-acouphenes.fr\/patricia-montagne.html La sophrologie, un accompagnement pour vos acouph\u00e8nes L&rsquo;acouph\u00e8ne est une perception auditive survenant en l\u2019absence de tout stimulus externe ou interne. Il peut \u00eatre per\u00e7u dans une oreille ou les deux, ou dans la t\u00eate. La personne d\u00e9crit \u00ab\u00a0ses\u00a0\u00bb acouph\u00e8nes comme des sifflements, des bourdonnements, des tintements, &hellip;","og_url":"http:\/\/auxracinesdesoi.fr\/index.php\/accompagnement-acouphenes\/","og_site_name":"Aux Racines de Soi","article_publisher":"https:\/\/www.facebook.com\/AuxRacinesDeSoi","article_modified_time":"2023-11-26T13:43:32+00:00","og_image":[{"url":"https:\/\/auxracinesdesoi.fr\/wp-content\/uploads\/2021\/06\/200905332_896806244230857_5161776599087134575_n.jpg","type":"","width":"","height":""}],"twitter_card":"summary_large_image","twitter_misc":{"Dur\u00e9e de lecture estim\u00e9e":"1 minute"},"schema":{"@context":"https:\/\/schema.org","@graph":[{"@type":"WebPage","@id":"http:\/\/auxracinesdesoi.fr\/index.php\/accompagnement-acouphenes\/","url":"http:\/\/auxracinesdesoi.fr\/index.php\/accompagnement-acouphenes\/","name":"Accompagnement Acouph\u00e8nes - Aux Racines de Soi","isPartOf":{"@id":"https:\/\/auxracinesdesoi.fr\/#website"},"primaryImageOfPage":{"@id":"http:\/\/auxracinesdesoi.fr\/index.php\/accompagnement-acouphenes\/#primaryimage"},"image":{"@id":"http:\/\/auxracinesdesoi.fr\/index.php\/accompagnement-acouphenes\/#primaryimage"},"thumbnailUrl":"https:\/\/auxracinesdesoi.fr\/wp-content\/uploads\/2021\/06\/200905332_896806244230857_5161776599087134575_n.jpg","datePublished":"2021-06-12T19:51:51+00:00","dateModified":"2023-11-26T13:43:32+00:00","breadcrumb":{"@id":"http:\/\/auxracinesdesoi.fr\/index.php\/accompagnement-acouphenes\/#breadcrumb"},"inLanguage":"fr-FR","potentialAction":[{"@type":"ReadAction","target":["http:\/\/auxracinesdesoi.fr\/index.php\/accompagnement-acouphenes\/"]}]},{"@type":"ImageObject","inLanguage":"fr-FR","@id":"http:\/\/auxracinesdesoi.fr\/index.php\/accompagnement-acouphenes\/#primaryimage","url":"https:\/\/auxracinesdesoi.fr\/wp-content\/uploads\/2021\/06\/200905332_896806244230857_5161776599087134575_n.jpg","contentUrl":"https:\/\/auxracinesdesoi.fr\/wp-content\/uploads\/2021\/06\/200905332_896806244230857_5161776599087134575_n.jpg","width":725,"height":400},{"@type":"BreadcrumbList","@id":"http:\/\/auxracinesdesoi.fr\/index.php\/accompagnement-acouphenes\/#breadcrumb","itemListElement":[{"@type":"ListItem","position":1,"name":"Accueil","item":"https:\/\/auxracinesdesoi.fr\/"},{"@type":"ListItem","position":2,"name":"Accompagnement Acouph\u00e8nes"}]},{"@type":"WebSite","@id":"https:\/\/auxracinesdesoi.fr\/#website","url":"https:\/\/auxracinesdesoi.fr\/","name":"Aux Racines de Soi","description":"","publisher":{"@id":"https:\/\/auxracinesdesoi.fr\/#organization"},"potentialAction":[{"@type":"SearchAction","target":{"@type":"EntryPoint","urlTemplate":"https:\/\/auxracinesdesoi.fr\/?s={search_term_string}"},"query-input":{"@type":"PropertyValueSpecification","valueRequired":true,"valueName":"search_term_string"}}],"inLanguage":"fr-FR"},{"@type":"Organization","@id":"https:\/\/auxracinesdesoi.fr\/#organization","name":"Aux Racines de Soi","url":"https:\/\/auxracinesdesoi.fr\/","logo":{"@type":"ImageObject","inLanguage":"fr-FR","@id":"https:\/\/auxracinesdesoi.fr\/#\/schema\/logo\/image\/","url":"https:\/\/auxracinesdesoi.fr\/wp-content\/uploads\/2021\/07\/171525535_217833520008418_4357606585812520522_n.png","contentUrl":"https:\/\/auxracinesdesoi.fr\/wp-content\/uploads\/2021\/07\/171525535_217833520008418_4357606585812520522_n.png","width":945,"height":945,"caption":"Aux Racines de Soi"},"image":{"@id":"https:\/\/auxracinesdesoi.fr\/#\/schema\/logo\/image\/"},"sameAs":["https:\/\/www.facebook.com\/AuxRacinesDeSoi","https:\/\/www.instagram.com\/auxracinesdesoi"]}]}},"_links":{"self":[{"href":"https:\/\/auxracinesdesoi.fr\/index.php\/wp-json\/wp\/v2\/pages\/304","targetHints":{"allow":["GET"]}}],"collection":[{"href":"https:\/\/auxracinesdesoi.fr\/index.php\/wp-json\/wp\/v2\/pages"}],"about":[{"href":"https:\/\/auxracinesdesoi.fr\/index.php\/wp-json\/wp\/v2\/types\/page"}],"author":[{"embeddable":true,"href":"https:\/\/auxracinesdesoi.fr\/index.php\/wp-json\/wp\/v2\/users\/1"}],"replies":[{"embeddable":true,"href":"https:\/\/auxracinesdesoi.fr\/index.php\/wp-json\/wp\/v2\/comments?post=304"}],"version-history":[{"count":25,"href":"https:\/\/auxracinesdesoi.fr\/index.php\/wp-json\/wp\/v2\/pages\/304\/revisions"}],"predecessor-version":[{"id":579,"href":"https:\/\/auxracinesdesoi.fr\/index.php\/wp-json\/wp\/v2\/pages\/304\/revisions\/579"}],"wp:attachment":[{"href":"https:\/\/auxracinesdesoi.fr\/index.php\/wp-json\/wp\/v2\/media?parent=304"}],"curies":[{"name":"wp","href":"https:\/\/api.w.org\/{rel}","templated":true}]}}