{"id":19,"date":"2021-02-13T16:55:47","date_gmt":"2021-02-13T15:55:47","guid":{"rendered":"http:\/\/auxracinesdesoi.fr\/?page_id=19"},"modified":"2021-07-28T20:33:33","modified_gmt":"2021-07-28T18:33:33","slug":"la-sophrologie-caycedienne","status":"publish","type":"page","link":"https:\/\/auxracinesdesoi.fr\/index.php\/la-sophrologie-caycedienne\/","title":{"rendered":"Sophrologie Cayc\u00e9dienne"},"content":{"rendered":"\r\n<p>Une s\u00e9ance de <span style=\"color: #0693e3;\"><strong><u>Sophrologie Cayc\u00e9dienne<\/u><\/strong><\/span>, c\u2019est un moment de connexion \u00e0 soi\u2026.<\/p>\r\n<p>Un lien corps\/esprit se cr\u00e9e, ce qui nous am\u00e8ne \u00e0 reprendre contact avec nous-m\u00eame, avec la vie qui nous anime, \u00e0 trouver notre \u00e9quilibre.<\/p>\r\n<p>\u00ab\u00a0Sophrologie \u00bb d\u2019apr\u00e8s les racines grecques SOS-PHREN-LOGOS ou \u00ab \u00e9tude de la conscience en \u00e9quilibre \u00bb.<\/p>\r\n<p><img fetchpriority=\"high\" decoding=\"async\" class=\"size-medium wp-image-363 aligncenter\" src=\"https:\/\/auxracinesdesoi.fr\/wp-content\/uploads\/2021\/07\/203902880_1117607188728836_8400751481025680212_n-300x300.jpg\" alt=\"coeur_cerveau\" width=\"300\" height=\"300\" srcset=\"https:\/\/auxracinesdesoi.fr\/wp-content\/uploads\/2021\/07\/203902880_1117607188728836_8400751481025680212_n-300x300.jpg 300w, https:\/\/auxracinesdesoi.fr\/wp-content\/uploads\/2021\/07\/203902880_1117607188728836_8400751481025680212_n-150x150.jpg 150w, https:\/\/auxracinesdesoi.fr\/wp-content\/uploads\/2021\/07\/203902880_1117607188728836_8400751481025680212_n-60x60.jpg 60w, https:\/\/auxracinesdesoi.fr\/wp-content\/uploads\/2021\/07\/203902880_1117607188728836_8400751481025680212_n-468x468.jpg 468w, https:\/\/auxracinesdesoi.fr\/wp-content\/uploads\/2021\/07\/203902880_1117607188728836_8400751481025680212_n.jpg 474w\" sizes=\"(max-width: 300px) 100vw, 300px\" \/><\/p>\r\n<p><strong>La Sophrologie Cayc\u00e9dienne est la sophrologie dans sa forme authentique, avec sa m\u00e9thodologie originale telle que cr\u00e9\u00e9e en 1960 par le Dr Alfonso Cayc\u00e9do, M\u00e9decin Neuropsychiatre.<\/strong><\/p>\r\n<p><span style=\"color: #0693e3;\">Un entra\u00eenement du corps et de l\u2019esprit pour d\u00e9velopper s\u00e9r\u00e9nit\u00e9 et mieux-\u00eatre.<\/span><\/p>\r\n<p>La Sophrologie Cayc\u00e9dienne est une discipline qui aide chacun \u00e0 d\u00e9velopper une conscience sereine au moyen d\u2019un entra\u00eenement personnel bas\u00e9 sur des techniques de relaxation et d\u2019activation du corps et de l\u2019esprit.<\/p>\r\n<p>Son objectif est d\u2019aider \u00e0 renforcer les attitudes et valeurs positives au quotidien, dans le champ professionnel et personnel.<\/p>\r\n<p>Le patient qui pratique la Sophrologie Cayc\u00e9dienne est consid\u00e9r\u00e9 comme un acteur de son propre traitement. Le sophrologue va l\u2019aider \u00e0 puiser dans ses propres ressources, \u00e0 les d\u00e9couvrir, les int\u00e9grer et les conqu\u00e9rir afin de les utiliser quand il le jugera n\u00e9cessaire.<br \/>Lors des premi\u00e8res pratiques, le sophrologue apprend au patient \u00e0 d\u00e9tendre son corps puis son esprit.<\/p>\r\n<p><span style=\"color: #0693e3;\">La pratique r\u00e9guli\u00e8re de la Sophrologie Cayc\u00e9dienne avec un professionnel, puis de fa\u00e7on autonome, permet ainsi \u00e0 chacun d\u2019optimiser ses capacit\u00e9s et son efficacit\u00e9 au quotidien.<\/span><\/p>\r\n<h2><strong>Comment se d\u00e9roule une s\u00e9ance de sophrologie ?<\/strong><\/h2>\r\n<p><span style=\"text-decoration: underline;\"><strong>Dans un 1er temps<\/strong><\/span>, la s\u00e9ance d\u00e9bute toujours par un temps d&rsquo;accueil et d&rsquo;\u00e9changes avec le sophrologue. Cette \u00e9tape permet de faire conna\u00eetre au sophrologue votre \u00e9tat g\u00e9n\u00e9ral, \u00e9motionnel, physique, psychique et d&rsquo;exprimer vos besoins.<\/p>\r\n<p><strong><u>Dans un 2\u00e9me temps, se d\u00e9roule la pratique<\/u><\/strong><\/p>\r\n<p>Nous pratiquons en posture assise ou debout ce qui permet de maintenir notre niveau d\u2019attention sur notre corps et de prendre conscience de notre monde int\u00e9rieur, de nos sentiments, de nos pens\u00e9es.<\/p>\r\n<p><img decoding=\"async\" class=\"alignnone  wp-image-58\" src=\"https:\/\/auxracinesdesoi.fr\/wp-content\/uploads\/2021\/02\/1497622361-Sofrocay-0080_Print-scaled-1-300x200.jpg\" alt=\"\" width=\"293\" height=\"195\" srcset=\"https:\/\/auxracinesdesoi.fr\/wp-content\/uploads\/2021\/02\/1497622361-Sofrocay-0080_Print-scaled-1-300x200.jpg 300w, https:\/\/auxracinesdesoi.fr\/wp-content\/uploads\/2021\/02\/1497622361-Sofrocay-0080_Print-scaled-1-1024x683.jpg 1024w, https:\/\/auxracinesdesoi.fr\/wp-content\/uploads\/2021\/02\/1497622361-Sofrocay-0080_Print-scaled-1-768x512.jpg 768w, https:\/\/auxracinesdesoi.fr\/wp-content\/uploads\/2021\/02\/1497622361-Sofrocay-0080_Print-scaled-1-1536x1024.jpg 1536w, https:\/\/auxracinesdesoi.fr\/wp-content\/uploads\/2021\/02\/1497622361-Sofrocay-0080_Print-scaled-1-2048x1366.jpg 2048w, https:\/\/auxracinesdesoi.fr\/wp-content\/uploads\/2021\/02\/1497622361-Sofrocay-0080_Print-scaled-1-1200x800.jpg 1200w, https:\/\/auxracinesdesoi.fr\/wp-content\/uploads\/2021\/02\/1497622361-Sofrocay-0080_Print-scaled-1-1980x1320.jpg 1980w\" sizes=\"(max-width: 293px) 100vw, 293px\" \/>\u00a0<img decoding=\"async\" class=\"alignnone wp-image-59 \" src=\"https:\/\/auxracinesdesoi.fr\/wp-content\/uploads\/2021\/02\/1497622391-Sofrocay-0081_Print-scaled-1-300x200.jpg\" alt=\"\" width=\"293\" height=\"195\" srcset=\"https:\/\/auxracinesdesoi.fr\/wp-content\/uploads\/2021\/02\/1497622391-Sofrocay-0081_Print-scaled-1-300x200.jpg 300w, https:\/\/auxracinesdesoi.fr\/wp-content\/uploads\/2021\/02\/1497622391-Sofrocay-0081_Print-scaled-1-1024x683.jpg 1024w, https:\/\/auxracinesdesoi.fr\/wp-content\/uploads\/2021\/02\/1497622391-Sofrocay-0081_Print-scaled-1-768x512.jpg 768w, https:\/\/auxracinesdesoi.fr\/wp-content\/uploads\/2021\/02\/1497622391-Sofrocay-0081_Print-scaled-1-1536x1024.jpg 1536w, https:\/\/auxracinesdesoi.fr\/wp-content\/uploads\/2021\/02\/1497622391-Sofrocay-0081_Print-scaled-1-2048x1366.jpg 2048w, https:\/\/auxracinesdesoi.fr\/wp-content\/uploads\/2021\/02\/1497622391-Sofrocay-0081_Print-scaled-1-1200x800.jpg 1200w, https:\/\/auxracinesdesoi.fr\/wp-content\/uploads\/2021\/02\/1497622391-Sofrocay-0081_Print-scaled-1-1980x1320.jpg 1980w\" sizes=\"(max-width: 293px) 100vw, 293px\" \/><\/p>\r\n<p><strong><u>Dans un 3\u00e9me temps, la phase d&rsquo;\u00e9criture appel\u00e9e :<\/u><\/strong>\u00a0<span style=\"color: #0693e3;\"><strong>\u00ab\u00a0La<\/strong><strong> Ph\u00e9no-descriptio<span style=\"color: #0693e3;\">n\u00a0\u00bb <\/span><\/strong><\/span><\/p>\r\n<p>Elle permet de d\u00e9crire ce qui appara\u00eet \u00ab\u00a0<strong>ICI et<\/strong> <strong>MAINTENANT<\/strong> \u00a0\u00bb et de laisser une trace \u00e9crite de ce que vous avez ressenti pendant la pratique, pour que cette vivance reste ancr\u00e9e en vous.<\/p>\r\n<p>Les ph\u00e9nodescriptions sont personnelles. Ce sont comme des instantan\u00e9s\u00a0de\u00a0notre monde int\u00e9rieur. Les relire, les regarder, nous permet de d\u00e9couvrir cette\u00a0nouvelle perception\u00a0de notre environnement qui se r\u00e9v\u00e8le autrement \u00e0 nous et en nous-m\u00eame.<\/p>\r\n<p><strong><u>Et pour terminer la s\u00e9ance : l\u2019analyse de votre vivance par la sophrologue<\/u><\/strong><\/p>\r\n<p>pour vous permettre d&rsquo;int\u00e9grer librement vos ressentis et vos sensations v\u00e9cus pendant la pratique.<\/p>\r\n<h2><strong>Dans quel environnement peut-on pratiquer la sophrologie ?<\/strong><\/h2>\r\n<p>La sophrologie se pratique en int\u00e9rieur ou ext\u00e9rieur, g\u00e9n\u00e9ralement assis ou debout, les yeux ferm\u00e9s et ne n\u00e9cessite pas de porter une tenue particuli\u00e8re m\u00eame s\u2019il est pr\u00e9f\u00e9rable qu\u2019elle soit confortable.<\/p>\r\n<h2><strong>Mise en pratique et exercices de Sophrologie<\/strong><\/h2>\r\n<p>C\u2019est la r\u00e9p\u00e9tition des s\u00e9ances qui cr\u00e9e et amplifie les sentiments positifs, le mieux-\u00eatre et vous permet de reprendre confiance en vous et en l\u2019avenir.<\/p>\r\n<h2><span style=\"color: #0693e3;\"><strong>Et si je n\u2019ai pas de temps \u00e0 consacrer \u00e0 la sophrologie ?<\/strong><\/span><\/h2>\r\n<p><em>\u00a0\u00bb Si je n\u2019ai pas le temps\u2026raison de plus pour s\u2019accorder du temps \u00e0 soi-m\u00eame ! \u00a0\u00bb <\/em><strong style=\"color: #0693e3;\"><em><u>Dr\u00a0<\/u><\/em><\/strong><strong style=\"color: #0693e3;\"><u>Natalia Cayc\u00e9do<\/u><\/strong><\/p>\r\n<p><img loading=\"lazy\" decoding=\"async\" class=\"size-medium wp-image-359 aligncenter\" src=\"https:\/\/auxracinesdesoi.fr\/wp-content\/uploads\/2021\/06\/coquillage-300x169.jpg\" alt=\"\" width=\"300\" height=\"169\" srcset=\"https:\/\/auxracinesdesoi.fr\/wp-content\/uploads\/2021\/06\/coquillage-300x169.jpg 300w, https:\/\/auxracinesdesoi.fr\/wp-content\/uploads\/2021\/06\/coquillage-107x60.jpg 107w, https:\/\/auxracinesdesoi.fr\/wp-content\/uploads\/2021\/06\/coquillage.jpg 720w\" sizes=\"(max-width: 300px) 100vw, 300px\" \/><\/p>\r\n<h2><strong>Les applications de la sophrologie\u00a0Cayc\u00e9dienne\u00a0:<\/strong><\/h2>\r\n<p>La sophrologie est une m\u00e9thode simple et accessible \u00e0 toutes et \u00e0 tous. Chacun(e) peut tirer de multiples b\u00e9n\u00e9fices de la pratique de la sophrologie Cayc\u00e9dienne. Le sophrologue saura s&rsquo;adapter aux contraintes physiques et \u00e9motionnelles de chacun(e).<\/p>\r\n<p><span style=\"color: #0693e3;\"><u>La premi\u00e8re sur ma liste serait PRENDRE SOIN DE SOI\u00a0!!!<\/u><\/span><\/p>\r\n<ul>\r\n<li>Renforcer les attitudes positives.<\/li>\r\n<li>D\u00e9couvrir et optimiser vos capacit\u00e9s, vos valeurs.<\/li>\r\n<li>Travailler la confiance en soi, l\u2019amour de soi.<\/li>\r\n<li>Am\u00e9liorer sa qualit\u00e9 de vie, vivre en harmonie avec soi-m\u00eame, dans son environnement familial et professionnel.<\/li>\r\n<li>Apprendre \u00e0 lib\u00e9rer vos tensions musculaires, vos douleurs, vos angoisses.<\/li>\r\n<li>Combattre les troubles du sommeil, l\u2019anxi\u00e9t\u00e9, la d\u00e9pression.<\/li>\r\n<li>Gestion des Acouph\u00e8nes par des pratiques sp\u00e9cifiques.<\/li>\r\n<li>Renforcer des liens de couple, les liens parent(s)\/ enfant(s).<\/li>\r\n<li>D\u00e9velopper une meilleure r\u00e9sistance au stress et permettre de mieux faire face aux difficult\u00e9s de la vie.<\/li>\r\n<li>Pr\u00e9paration \u00e0 un examen, \u00e0 une op\u00e9ration, un accouchement, un rendez-vous professionnel.<\/li>\r\n<li>En pr\u00e9vision d\u2019une grossesse (B\u00e9b\u00e9 Sophro).<\/li>\r\n<li>Gagner en performance pour les sportifs.<\/li>\r\n<\/ul>\r\n<p><img loading=\"lazy\" decoding=\"async\" class=\"size-medium wp-image-377 aligncenter\" src=\"https:\/\/auxracinesdesoi.fr\/wp-content\/uploads\/2021\/07\/papillons-300x275.png\" alt=\"papillons\" width=\"300\" height=\"275\" srcset=\"https:\/\/auxracinesdesoi.fr\/wp-content\/uploads\/2021\/07\/papillons-300x275.png 300w, https:\/\/auxracinesdesoi.fr\/wp-content\/uploads\/2021\/07\/papillons-65x60.png 65w, https:\/\/auxracinesdesoi.fr\/wp-content\/uploads\/2021\/07\/papillons.png 706w\" sizes=\"(max-width: 300px) 100vw, 300px\" \/><\/p>\r\n<h4 style=\"text-align: center;\"><span style=\"color: #0693e3;\"><strong>\u00ab\u00a0D\u00e9velopper un nouveau regard sur son existence riche de sens et de valeurs\u00a0\u00bb<\/strong><\/span><\/h4>\r\n","protected":false},"excerpt":{"rendered":"<p>Une s\u00e9ance de Sophrologie Cayc\u00e9dienne, c\u2019est un moment de connexion \u00e0 soi\u2026. Un lien corps\/esprit se cr\u00e9e, ce qui nous am\u00e8ne \u00e0 reprendre contact avec nous-m\u00eame, avec la vie qui nous anime, \u00e0 trouver notre \u00e9quilibre. \u00ab\u00a0Sophrologie \u00bb d\u2019apr\u00e8s les racines grecques SOS-PHREN-LOGOS ou \u00ab \u00e9tude de la conscience en \u00e9quilibre \u00bb. La Sophrologie Cayc\u00e9dienne &hellip; <\/p>\n","protected":false},"author":1,"featured_media":0,"parent":0,"menu_order":0,"comment_status":"closed","ping_status":"closed","template":"","meta":{"footnotes":""},"class_list":["post-19","page","type-page","status-publish","hentry"],"yoast_head":"<!-- This site is optimized with the Yoast SEO plugin v27.4 - https:\/\/yoast.com\/product\/yoast-seo-wordpress\/ -->\n<title>Sophrologie Cayc\u00e9dienne - Aux Racines de Soi<\/title>\n<meta name=\"robots\" content=\"index, follow, max-snippet:-1, max-image-preview:large, max-video-preview:-1\" \/>\n<link rel=\"canonical\" href=\"https:\/\/auxracinesdesoi.fr\/index.php\/la-sophrologie-caycedienne\/\" \/>\n<meta property=\"og:locale\" content=\"fr_FR\" \/>\n<meta property=\"og:type\" content=\"article\" \/>\n<meta property=\"og:title\" content=\"Sophrologie Cayc\u00e9dienne - Aux Racines de Soi\" \/>\n<meta property=\"og:description\" content=\"Une s\u00e9ance de Sophrologie Cayc\u00e9dienne, c\u2019est un moment de connexion \u00e0 soi\u2026. Un lien corps\/esprit se cr\u00e9e, ce qui nous am\u00e8ne \u00e0 reprendre contact avec nous-m\u00eame, avec la vie qui nous anime, \u00e0 trouver notre \u00e9quilibre. \u00ab\u00a0Sophrologie \u00bb d\u2019apr\u00e8s les racines grecques SOS-PHREN-LOGOS ou \u00ab \u00e9tude de la conscience en \u00e9quilibre \u00bb. La Sophrologie Cayc\u00e9dienne &hellip;\" \/>\n<meta property=\"og:url\" content=\"https:\/\/auxracinesdesoi.fr\/index.php\/la-sophrologie-caycedienne\/\" \/>\n<meta property=\"og:site_name\" content=\"Aux Racines de Soi\" \/>\n<meta property=\"article:publisher\" content=\"https:\/\/www.facebook.com\/AuxRacinesDeSoi\" \/>\n<meta property=\"article:modified_time\" content=\"2021-07-28T18:33:33+00:00\" \/>\n<meta property=\"og:image\" content=\"https:\/\/auxracinesdesoi.fr\/wp-content\/uploads\/2021\/07\/203902880_1117607188728836_8400751481025680212_n-300x300.jpg\" \/>\n<meta name=\"twitter:card\" content=\"summary_large_image\" \/>\n<meta name=\"twitter:label1\" content=\"Dur\u00e9e de lecture estim\u00e9e\" \/>\n\t<meta name=\"twitter:data1\" content=\"4 minutes\" \/>\n<script type=\"application\/ld+json\" class=\"yoast-schema-graph\">{\"@context\":\"https:\\\/\\\/schema.org\",\"@graph\":[{\"@type\":\"WebPage\",\"@id\":\"https:\\\/\\\/auxracinesdesoi.fr\\\/index.php\\\/la-sophrologie-caycedienne\\\/\",\"url\":\"https:\\\/\\\/auxracinesdesoi.fr\\\/index.php\\\/la-sophrologie-caycedienne\\\/\",\"name\":\"Sophrologie Cayc\u00e9dienne - Aux Racines de Soi\",\"isPartOf\":{\"@id\":\"https:\\\/\\\/auxracinesdesoi.fr\\\/#website\"},\"primaryImageOfPage\":{\"@id\":\"https:\\\/\\\/auxracinesdesoi.fr\\\/index.php\\\/la-sophrologie-caycedienne\\\/#primaryimage\"},\"image\":{\"@id\":\"https:\\\/\\\/auxracinesdesoi.fr\\\/index.php\\\/la-sophrologie-caycedienne\\\/#primaryimage\"},\"thumbnailUrl\":\"https:\\\/\\\/auxracinesdesoi.fr\\\/wp-content\\\/uploads\\\/2021\\\/07\\\/203902880_1117607188728836_8400751481025680212_n-300x300.jpg\",\"datePublished\":\"2021-02-13T15:55:47+00:00\",\"dateModified\":\"2021-07-28T18:33:33+00:00\",\"breadcrumb\":{\"@id\":\"https:\\\/\\\/auxracinesdesoi.fr\\\/index.php\\\/la-sophrologie-caycedienne\\\/#breadcrumb\"},\"inLanguage\":\"fr-FR\",\"potentialAction\":[{\"@type\":\"ReadAction\",\"target\":[\"https:\\\/\\\/auxracinesdesoi.fr\\\/index.php\\\/la-sophrologie-caycedienne\\\/\"]}]},{\"@type\":\"ImageObject\",\"inLanguage\":\"fr-FR\",\"@id\":\"https:\\\/\\\/auxracinesdesoi.fr\\\/index.php\\\/la-sophrologie-caycedienne\\\/#primaryimage\",\"url\":\"https:\\\/\\\/auxracinesdesoi.fr\\\/wp-content\\\/uploads\\\/2021\\\/07\\\/203902880_1117607188728836_8400751481025680212_n.jpg\",\"contentUrl\":\"https:\\\/\\\/auxracinesdesoi.fr\\\/wp-content\\\/uploads\\\/2021\\\/07\\\/203902880_1117607188728836_8400751481025680212_n.jpg\",\"width\":474,\"height\":474,\"caption\":\"coeur_cerveau\"},{\"@type\":\"BreadcrumbList\",\"@id\":\"https:\\\/\\\/auxracinesdesoi.fr\\\/index.php\\\/la-sophrologie-caycedienne\\\/#breadcrumb\",\"itemListElement\":[{\"@type\":\"ListItem\",\"position\":1,\"name\":\"Accueil\",\"item\":\"https:\\\/\\\/auxracinesdesoi.fr\\\/\"},{\"@type\":\"ListItem\",\"position\":2,\"name\":\"Sophrologie Cayc\u00e9dienne\"}]},{\"@type\":\"WebSite\",\"@id\":\"https:\\\/\\\/auxracinesdesoi.fr\\\/#website\",\"url\":\"https:\\\/\\\/auxracinesdesoi.fr\\\/\",\"name\":\"Aux Racines de Soi\",\"description\":\"\",\"publisher\":{\"@id\":\"https:\\\/\\\/auxracinesdesoi.fr\\\/#organization\"},\"potentialAction\":[{\"@type\":\"SearchAction\",\"target\":{\"@type\":\"EntryPoint\",\"urlTemplate\":\"https:\\\/\\\/auxracinesdesoi.fr\\\/?s={search_term_string}\"},\"query-input\":{\"@type\":\"PropertyValueSpecification\",\"valueRequired\":true,\"valueName\":\"search_term_string\"}}],\"inLanguage\":\"fr-FR\"},{\"@type\":\"Organization\",\"@id\":\"https:\\\/\\\/auxracinesdesoi.fr\\\/#organization\",\"name\":\"Aux Racines de Soi\",\"url\":\"https:\\\/\\\/auxracinesdesoi.fr\\\/\",\"logo\":{\"@type\":\"ImageObject\",\"inLanguage\":\"fr-FR\",\"@id\":\"https:\\\/\\\/auxracinesdesoi.fr\\\/#\\\/schema\\\/logo\\\/image\\\/\",\"url\":\"https:\\\/\\\/auxracinesdesoi.fr\\\/wp-content\\\/uploads\\\/2021\\\/07\\\/171525535_217833520008418_4357606585812520522_n.png\",\"contentUrl\":\"https:\\\/\\\/auxracinesdesoi.fr\\\/wp-content\\\/uploads\\\/2021\\\/07\\\/171525535_217833520008418_4357606585812520522_n.png\",\"width\":945,\"height\":945,\"caption\":\"Aux Racines de Soi\"},\"image\":{\"@id\":\"https:\\\/\\\/auxracinesdesoi.fr\\\/#\\\/schema\\\/logo\\\/image\\\/\"},\"sameAs\":[\"https:\\\/\\\/www.facebook.com\\\/AuxRacinesDeSoi\",\"https:\\\/\\\/www.instagram.com\\\/auxracinesdesoi\"]}]}<\/script>\n<!-- \/ Yoast SEO plugin. -->","yoast_head_json":{"title":"Sophrologie Cayc\u00e9dienne - Aux Racines de Soi","robots":{"index":"index","follow":"follow","max-snippet":"max-snippet:-1","max-image-preview":"max-image-preview:large","max-video-preview":"max-video-preview:-1"},"canonical":"https:\/\/auxracinesdesoi.fr\/index.php\/la-sophrologie-caycedienne\/","og_locale":"fr_FR","og_type":"article","og_title":"Sophrologie Cayc\u00e9dienne - Aux Racines de Soi","og_description":"Une s\u00e9ance de Sophrologie Cayc\u00e9dienne, c\u2019est un moment de connexion \u00e0 soi\u2026. Un lien corps\/esprit se cr\u00e9e, ce qui nous am\u00e8ne \u00e0 reprendre contact avec nous-m\u00eame, avec la vie qui nous anime, \u00e0 trouver notre \u00e9quilibre. \u00ab\u00a0Sophrologie \u00bb d\u2019apr\u00e8s les racines grecques SOS-PHREN-LOGOS ou \u00ab \u00e9tude de la conscience en \u00e9quilibre \u00bb. La Sophrologie Cayc\u00e9dienne &hellip;","og_url":"https:\/\/auxracinesdesoi.fr\/index.php\/la-sophrologie-caycedienne\/","og_site_name":"Aux Racines de Soi","article_publisher":"https:\/\/www.facebook.com\/AuxRacinesDeSoi","article_modified_time":"2021-07-28T18:33:33+00:00","og_image":[{"url":"https:\/\/auxracinesdesoi.fr\/wp-content\/uploads\/2021\/07\/203902880_1117607188728836_8400751481025680212_n-300x300.jpg","type":"","width":"","height":""}],"twitter_card":"summary_large_image","twitter_misc":{"Dur\u00e9e de lecture estim\u00e9e":"4 minutes"},"schema":{"@context":"https:\/\/schema.org","@graph":[{"@type":"WebPage","@id":"https:\/\/auxracinesdesoi.fr\/index.php\/la-sophrologie-caycedienne\/","url":"https:\/\/auxracinesdesoi.fr\/index.php\/la-sophrologie-caycedienne\/","name":"Sophrologie Cayc\u00e9dienne - Aux Racines de Soi","isPartOf":{"@id":"https:\/\/auxracinesdesoi.fr\/#website"},"primaryImageOfPage":{"@id":"https:\/\/auxracinesdesoi.fr\/index.php\/la-sophrologie-caycedienne\/#primaryimage"},"image":{"@id":"https:\/\/auxracinesdesoi.fr\/index.php\/la-sophrologie-caycedienne\/#primaryimage"},"thumbnailUrl":"https:\/\/auxracinesdesoi.fr\/wp-content\/uploads\/2021\/07\/203902880_1117607188728836_8400751481025680212_n-300x300.jpg","datePublished":"2021-02-13T15:55:47+00:00","dateModified":"2021-07-28T18:33:33+00:00","breadcrumb":{"@id":"https:\/\/auxracinesdesoi.fr\/index.php\/la-sophrologie-caycedienne\/#breadcrumb"},"inLanguage":"fr-FR","potentialAction":[{"@type":"ReadAction","target":["https:\/\/auxracinesdesoi.fr\/index.php\/la-sophrologie-caycedienne\/"]}]},{"@type":"ImageObject","inLanguage":"fr-FR","@id":"https:\/\/auxracinesdesoi.fr\/index.php\/la-sophrologie-caycedienne\/#primaryimage","url":"https:\/\/auxracinesdesoi.fr\/wp-content\/uploads\/2021\/07\/203902880_1117607188728836_8400751481025680212_n.jpg","contentUrl":"https:\/\/auxracinesdesoi.fr\/wp-content\/uploads\/2021\/07\/203902880_1117607188728836_8400751481025680212_n.jpg","width":474,"height":474,"caption":"coeur_cerveau"},{"@type":"BreadcrumbList","@id":"https:\/\/auxracinesdesoi.fr\/index.php\/la-sophrologie-caycedienne\/#breadcrumb","itemListElement":[{"@type":"ListItem","position":1,"name":"Accueil","item":"https:\/\/auxracinesdesoi.fr\/"},{"@type":"ListItem","position":2,"name":"Sophrologie Cayc\u00e9dienne"}]},{"@type":"WebSite","@id":"https:\/\/auxracinesdesoi.fr\/#website","url":"https:\/\/auxracinesdesoi.fr\/","name":"Aux Racines de Soi","description":"","publisher":{"@id":"https:\/\/auxracinesdesoi.fr\/#organization"},"potentialAction":[{"@type":"SearchAction","target":{"@type":"EntryPoint","urlTemplate":"https:\/\/auxracinesdesoi.fr\/?s={search_term_string}"},"query-input":{"@type":"PropertyValueSpecification","valueRequired":true,"valueName":"search_term_string"}}],"inLanguage":"fr-FR"},{"@type":"Organization","@id":"https:\/\/auxracinesdesoi.fr\/#organization","name":"Aux Racines de Soi","url":"https:\/\/auxracinesdesoi.fr\/","logo":{"@type":"ImageObject","inLanguage":"fr-FR","@id":"https:\/\/auxracinesdesoi.fr\/#\/schema\/logo\/image\/","url":"https:\/\/auxracinesdesoi.fr\/wp-content\/uploads\/2021\/07\/171525535_217833520008418_4357606585812520522_n.png","contentUrl":"https:\/\/auxracinesdesoi.fr\/wp-content\/uploads\/2021\/07\/171525535_217833520008418_4357606585812520522_n.png","width":945,"height":945,"caption":"Aux Racines de Soi"},"image":{"@id":"https:\/\/auxracinesdesoi.fr\/#\/schema\/logo\/image\/"},"sameAs":["https:\/\/www.facebook.com\/AuxRacinesDeSoi","https:\/\/www.instagram.com\/auxracinesdesoi"]}]}},"_links":{"self":[{"href":"https:\/\/auxracinesdesoi.fr\/index.php\/wp-json\/wp\/v2\/pages\/19","targetHints":{"allow":["GET"]}}],"collection":[{"href":"https:\/\/auxracinesdesoi.fr\/index.php\/wp-json\/wp\/v2\/pages"}],"about":[{"href":"https:\/\/auxracinesdesoi.fr\/index.php\/wp-json\/wp\/v2\/types\/page"}],"author":[{"embeddable":true,"href":"https:\/\/auxracinesdesoi.fr\/index.php\/wp-json\/wp\/v2\/users\/1"}],"replies":[{"embeddable":true,"href":"https:\/\/auxracinesdesoi.fr\/index.php\/wp-json\/wp\/v2\/comments?post=19"}],"version-history":[{"count":61,"href":"https:\/\/auxracinesdesoi.fr\/index.php\/wp-json\/wp\/v2\/pages\/19\/revisions"}],"predecessor-version":[{"id":424,"href":"https:\/\/auxracinesdesoi.fr\/index.php\/wp-json\/wp\/v2\/pages\/19\/revisions\/424"}],"wp:attachment":[{"href":"https:\/\/auxracinesdesoi.fr\/index.php\/wp-json\/wp\/v2\/media?parent=19"}],"curies":[{"name":"wp","href":"https:\/\/api.w.org\/{rel}","templated":true}]}}